{"id":3138,"date":"2025-01-06T12:58:33","date_gmt":"2025-01-06T11:58:33","guid":{"rendered":"https:\/\/www.whalesignals.ai\/proximamente\/"},"modified":"2025-05-23T07:13:12","modified_gmt":"2025-05-23T05:13:12","slug":"proximamente","status":"publish","type":"page","link":"https:\/\/www.whalesignals.ai\/es\/proximamente\/","title":{"rendered":"Pr\u00f3ximamente"},"content":{"rendered":"\t\t<div data-elementor-type=\"wp-post\" data-elementor-id=\"3138\" class=\"elementor elementor-3138 elementor-12\" data-elementor-post-type=\"page\">\n\t\t\t\t<div class=\"elementor-element elementor-element-f163e52 e-flex e-con-boxed e-con e-parent\" data-id=\"f163e52\" data-element_type=\"container\" data-e-type=\"container\" data-settings=\"{&quot;background_background&quot;:&quot;classic&quot;}\">\n\t\t\t\t\t<div class=\"e-con-inner\">\n\t\t\t\t<div class=\"elementor-element elementor-element-46cb50f elementor-widget elementor-widget-heading\" data-id=\"46cb50f\" data-element_type=\"widget\" data-e-type=\"widget\" data-widget_type=\"heading.default\">\n\t\t\t\t<div class=\"elementor-widget-container\">\n\t\t\t\t\t<h1 class=\"elementor-heading-title elementor-size-default\">Pr\u00f3ximamente<\/h1>\t\t\t\t<\/div>\n\t\t\t\t<\/div>\n\t\t\t\t<div class=\"elementor-element elementor-element-f703697 elementor-countdown--label-block elementor-widget elementor-widget-countdown\" data-id=\"f703697\" data-element_type=\"widget\" data-e-type=\"widget\" data-widget_type=\"countdown.default\">\n\t\t\t\t<div class=\"elementor-widget-container\">\n\t\t\t\t\t\t\t<div class=\"elementor-countdown-wrapper\" data-date=\"1745427600\">\n\t\t\t<div class=\"elementor-countdown-item\"><span class=\"elementor-countdown-digits elementor-countdown-days\"><\/span> <span class=\"elementor-countdown-label\">D\u00edas<\/span><\/div><div class=\"elementor-countdown-item\"><span class=\"elementor-countdown-digits elementor-countdown-hours\"><\/span> <span class=\"elementor-countdown-label\">Horas<\/span><\/div><div class=\"elementor-countdown-item\"><span class=\"elementor-countdown-digits elementor-countdown-minutes\"><\/span> <span class=\"elementor-countdown-label\">Actas<\/span><\/div><div class=\"elementor-countdown-item\"><span class=\"elementor-countdown-digits elementor-countdown-seconds\"><\/span> <span class=\"elementor-countdown-label\">Segundos<\/span><\/div>\t\t<\/div>\n\t\t\t\t\t\t<\/div>\n\t\t\t\t<\/div>\n\t\t\t\t\t<\/div>\n\t\t\t\t<\/div>\n\t\t\t\t<\/div>\n\t\t","protected":false},"excerpt":{"rendered":"<p>Pr\u00f3ximamente D\u00edas Horas Actas Segundos<\/p>\n","protected":false},"author":1,"featured_media":0,"parent":0,"menu_order":0,"comment_status":"closed","ping_status":"closed","template":"elementor_canvas","meta":{"footnotes":""},"class_list":["post-3138","page","type-page","status-publish","hentry"],"yoast_head":"<!-- This site is optimized with the Yoast SEO plugin v25.6 - https:\/\/yoast.com\/wordpress\/plugins\/seo\/ -->\n<title>Pr\u00f3ximamente - Whale Signals<\/title>\n<meta name=\"robots\" content=\"index, follow, max-snippet:-1, max-image-preview:large, max-video-preview:-1\" \/>\n<link rel=\"canonical\" href=\"https:\/\/www.whalesignals.ai\/es\/proximamente\/\" \/>\n<meta property=\"og:locale\" content=\"es_ES\" \/>\n<meta property=\"og:type\" content=\"article\" \/>\n<meta property=\"og:title\" content=\"Pr\u00f3ximamente - Whale Signals\" \/>\n<meta property=\"og:description\" content=\"Pr\u00f3ximamente D\u00edas Horas Actas Segundos\" \/>\n<meta property=\"og:url\" content=\"https:\/\/www.whalesignals.ai\/es\/proximamente\/\" \/>\n<meta property=\"og:site_name\" content=\"Whale Signals\" \/>\n<meta property=\"article:publisher\" content=\"https:\/\/www.facebook.com\/profile.php?id=61572500546632&amp;mibextid=wwXIfr&amp;rdid=7Ofz3CaJqXUNsgwy&amp;share_url=httpswww.facebook.comshare1BJnB9p5ArmibextidwwXIfr#\" \/>\n<meta property=\"article:modified_time\" content=\"2025-05-23T05:13:12+00:00\" \/>\n<meta name=\"twitter:card\" content=\"summary_large_image\" \/>\n<meta name=\"twitter:site\" content=\"@WhaleSignals_ai\" \/>\n<script type=\"application\/ld+json\" class=\"yoast-schema-graph\">{\"@context\":\"https:\/\/schema.org\",\"@graph\":[{\"@type\":\"WebPage\",\"@id\":\"https:\/\/www.whalesignals.ai\/es\/proximamente\/\",\"url\":\"https:\/\/www.whalesignals.ai\/es\/proximamente\/\",\"name\":\"Pr\u00f3ximamente - Whale Signals\",\"isPartOf\":{\"@id\":\"https:\/\/www.whalesignals.ai\/es\/#website\"},\"datePublished\":\"2025-01-06T11:58:33+00:00\",\"dateModified\":\"2025-05-23T05:13:12+00:00\",\"breadcrumb\":{\"@id\":\"https:\/\/www.whalesignals.ai\/es\/proximamente\/#breadcrumb\"},\"inLanguage\":\"es\",\"potentialAction\":[{\"@type\":\"ReadAction\",\"target\":[\"https:\/\/www.whalesignals.ai\/es\/proximamente\/\"]}]},{\"@type\":\"BreadcrumbList\",\"@id\":\"https:\/\/www.whalesignals.ai\/es\/proximamente\/#breadcrumb\",\"itemListElement\":[{\"@type\":\"ListItem\",\"position\":1,\"name\":\"Home\",\"item\":\"https:\/\/www.whalesignals.ai\/es\/\"},{\"@type\":\"ListItem\",\"position\":2,\"name\":\"Pr\u00f3ximamente\"}]},{\"@type\":\"WebSite\",\"@id\":\"https:\/\/www.whalesignals.ai\/es\/#website\",\"url\":\"https:\/\/www.whalesignals.ai\/es\/\",\"name\":\"Whale Signals\",\"description\":\"Navigate the Crypto Market Like a Whale | Backtested Signals &amp; Automation\",\"publisher\":{\"@id\":\"https:\/\/www.whalesignals.ai\/es\/#organization\"},\"potentialAction\":[{\"@type\":\"SearchAction\",\"target\":{\"@type\":\"EntryPoint\",\"urlTemplate\":\"https:\/\/www.whalesignals.ai\/es\/?s={search_term_string}\"},\"query-input\":{\"@type\":\"PropertyValueSpecification\",\"valueRequired\":true,\"valueName\":\"search_term_string\"}}],\"inLanguage\":\"es\"},{\"@type\":\"Organization\",\"@id\":\"https:\/\/www.whalesignals.ai\/es\/#organization\",\"name\":\"Se\u00f1ales de ballena\",\"url\":\"https:\/\/www.whalesignals.ai\/es\/\",\"logo\":{\"@type\":\"ImageObject\",\"inLanguage\":\"es\",\"@id\":\"https:\/\/www.whalesignals.ai\/es\/#\/schema\/logo\/image\/\",\"url\":\"https:\/\/www.whalesignals.ai\/wp-content\/uploads\/jet-engine-forms\/1\/2025\/03\/whalesignals-logotype@2x.png\",\"contentUrl\":\"https:\/\/www.whalesignals.ai\/wp-content\/uploads\/jet-engine-forms\/1\/2025\/03\/whalesignals-logotype@2x.png\",\"width\":529,\"height\":529,\"caption\":\"Se\u00f1ales de ballena\"},\"image\":{\"@id\":\"https:\/\/www.whalesignals.ai\/es\/#\/schema\/logo\/image\/\"},\"sameAs\":[\"https:\/\/www.facebook.com\/profile.php?id=61572500546632&mibextid=wwXIfr&rdid=7Ofz3CaJqXUNsgwy&share_url=httpswww.facebook.comshare1BJnB9p5ArmibextidwwXIfr#\",\"https:\/\/x.com\/WhaleSignals_ai\",\"https:\/\/www.instagram.com\/whalesignals.ai\/\"]}]}<\/script>\n<!-- \/ Yoast SEO plugin. -->","yoast_head_json":{"title":"Pr\u00f3ximamente - Whale Signals","robots":{"index":"index","follow":"follow","max-snippet":"max-snippet:-1","max-image-preview":"max-image-preview:large","max-video-preview":"max-video-preview:-1"},"canonical":"https:\/\/www.whalesignals.ai\/es\/proximamente\/","og_locale":"es_ES","og_type":"article","og_title":"Pr\u00f3ximamente - Whale Signals","og_description":"Pr\u00f3ximamente D\u00edas Horas Actas Segundos","og_url":"https:\/\/www.whalesignals.ai\/es\/proximamente\/","og_site_name":"Whale Signals","article_publisher":"https:\/\/www.facebook.com\/profile.php?id=61572500546632&mibextid=wwXIfr&rdid=7Ofz3CaJqXUNsgwy&share_url=httpswww.facebook.comshare1BJnB9p5ArmibextidwwXIfr#","article_modified_time":"2025-05-23T05:13:12+00:00","twitter_card":"summary_large_image","twitter_site":"@WhaleSignals_ai","schema":{"@context":"https:\/\/schema.org","@graph":[{"@type":"WebPage","@id":"https:\/\/www.whalesignals.ai\/es\/proximamente\/","url":"https:\/\/www.whalesignals.ai\/es\/proximamente\/","name":"Pr\u00f3ximamente - Whale Signals","isPartOf":{"@id":"https:\/\/www.whalesignals.ai\/es\/#website"},"datePublished":"2025-01-06T11:58:33+00:00","dateModified":"2025-05-23T05:13:12+00:00","breadcrumb":{"@id":"https:\/\/www.whalesignals.ai\/es\/proximamente\/#breadcrumb"},"inLanguage":"es","potentialAction":[{"@type":"ReadAction","target":["https:\/\/www.whalesignals.ai\/es\/proximamente\/"]}]},{"@type":"BreadcrumbList","@id":"https:\/\/www.whalesignals.ai\/es\/proximamente\/#breadcrumb","itemListElement":[{"@type":"ListItem","position":1,"name":"Home","item":"https:\/\/www.whalesignals.ai\/es\/"},{"@type":"ListItem","position":2,"name":"Pr\u00f3ximamente"}]},{"@type":"WebSite","@id":"https:\/\/www.whalesignals.ai\/es\/#website","url":"https:\/\/www.whalesignals.ai\/es\/","name":"Whale Signals","description":"Navigate the Crypto Market Like a Whale | Backtested Signals &amp; Automation","publisher":{"@id":"https:\/\/www.whalesignals.ai\/es\/#organization"},"potentialAction":[{"@type":"SearchAction","target":{"@type":"EntryPoint","urlTemplate":"https:\/\/www.whalesignals.ai\/es\/?s={search_term_string}"},"query-input":{"@type":"PropertyValueSpecification","valueRequired":true,"valueName":"search_term_string"}}],"inLanguage":"es"},{"@type":"Organization","@id":"https:\/\/www.whalesignals.ai\/es\/#organization","name":"Se\u00f1ales de ballena","url":"https:\/\/www.whalesignals.ai\/es\/","logo":{"@type":"ImageObject","inLanguage":"es","@id":"https:\/\/www.whalesignals.ai\/es\/#\/schema\/logo\/image\/","url":"https:\/\/www.whalesignals.ai\/wp-content\/uploads\/jet-engine-forms\/1\/2025\/03\/whalesignals-logotype@2x.png","contentUrl":"https:\/\/www.whalesignals.ai\/wp-content\/uploads\/jet-engine-forms\/1\/2025\/03\/whalesignals-logotype@2x.png","width":529,"height":529,"caption":"Se\u00f1ales de ballena"},"image":{"@id":"https:\/\/www.whalesignals.ai\/es\/#\/schema\/logo\/image\/"},"sameAs":["https:\/\/www.facebook.com\/profile.php?id=61572500546632&mibextid=wwXIfr&rdid=7Ofz3CaJqXUNsgwy&share_url=httpswww.facebook.comshare1BJnB9p5ArmibextidwwXIfr#","https:\/\/x.com\/WhaleSignals_ai","https:\/\/www.instagram.com\/whalesignals.ai\/"]}]}},"_links":{"self":[{"href":"https:\/\/www.whalesignals.ai\/es\/wp-json\/wp\/v2\/pages\/3138","targetHints":{"allow":["GET"]}}],"collection":[{"href":"https:\/\/www.whalesignals.ai\/es\/wp-json\/wp\/v2\/pages"}],"about":[{"href":"https:\/\/www.whalesignals.ai\/es\/wp-json\/wp\/v2\/types\/page"}],"author":[{"embeddable":true,"href":"https:\/\/www.whalesignals.ai\/es\/wp-json\/wp\/v2\/users\/1"}],"replies":[{"embeddable":true,"href":"https:\/\/www.whalesignals.ai\/es\/wp-json\/wp\/v2\/comments?post=3138"}],"version-history":[{"count":6,"href":"https:\/\/www.whalesignals.ai\/es\/wp-json\/wp\/v2\/pages\/3138\/revisions"}],"predecessor-version":[{"id":4512,"href":"https:\/\/www.whalesignals.ai\/es\/wp-json\/wp\/v2\/pages\/3138\/revisions\/4512"}],"wp:attachment":[{"href":"https:\/\/www.whalesignals.ai\/es\/wp-json\/wp\/v2\/media?parent=3138"}],"curies":[{"name":"wp","href":"https:\/\/api.w.org\/{rel}","templated":true}]}}