{"id":3168,"date":"2025-04-10T14:57:18","date_gmt":"2025-04-10T12:57:18","guid":{"rendered":"https:\/\/www.whalesignals.ai\/politica-de-privacidad\/"},"modified":"2025-05-23T07:08:14","modified_gmt":"2025-05-23T05:08:14","slug":"politica-de-privacidad","status":"publish","type":"page","link":"https:\/\/www.whalesignals.ai\/es\/politica-de-privacidad\/","title":{"rendered":"Pol\u00edtica de privacidad"},"content":{"rendered":"\t\t<div data-elementor-type=\"wp-page\" data-elementor-id=\"3168\" class=\"elementor elementor-3168 elementor-3\" data-elementor-post-type=\"page\">\n\t\t\t\t<div class=\"elementor-element elementor-element-21c7312a e-flex e-con-boxed e-con e-parent\" data-id=\"21c7312a\" data-element_type=\"container\" data-e-type=\"container\">\n\t\t\t\t\t<div class=\"e-con-inner\">\n\t\t\t\t<div class=\"elementor-element elementor-element-eb6ce63 elementor-widget elementor-widget-heading\" data-id=\"eb6ce63\" data-element_type=\"widget\" data-e-type=\"widget\" data-widget_type=\"heading.default\">\n\t\t\t\t<div class=\"elementor-widget-container\">\n\t\t\t\t\t<h1 class=\"elementor-heading-title elementor-size-default\">Pol\u00edtica de privacidad<\/h1>\t\t\t\t<\/div>\n\t\t\t\t<\/div>\n\t\t\t\t<div class=\"elementor-element elementor-element-eebc6d9 elementor-widget elementor-widget-text-editor\" data-id=\"eebc6d9\" data-element_type=\"widget\" data-e-type=\"widget\" data-widget_type=\"text-editor.default\">\n\t\t\t\t<div class=\"elementor-widget-container\">\n\t\t\t\t\t\t\t\t\t<p>Fecha de entrada en vigor: 01.01.2025<br>Nombre del servicio: WhaleSignals.ai <br>Sitio web: www.whalesignals.ai<\/p><p>1. Introducci\u00f3n<\/p><p>WhaleSignals.ai (\"nosotros\", \"nos\" o \"nuestro\") respeta tu privacidad y se compromete a proteger tus datos personales. Esta Pol\u00edtica de Privacidad explica c\u00f3mo recogemos, utilizamos y protegemos tu informaci\u00f3n cuando utilizas nuestro sitio web y nuestros servicios. <\/p><p>Al utilizar WhaleSignals.ai , aceptas los t\u00e9rminos descritos en esta Pol\u00edtica de Privacidad. Si no est\u00e1s de acuerdo, abstente de utilizar nuestros servicios. <\/p><p>2. Datos que recogemos<\/p><p>Recogemos los siguientes tipos de datos:<\/p><p>A. Informaci\u00f3n que facilitas<\/p><p>Informaci\u00f3n de la cuenta: Nombre, direcci\u00f3n de correo electr\u00f3nico y datos de pago cuando te registras.<\/p><p>Datos de suscripci\u00f3n: Tipo de plan, ciclo de facturaci\u00f3n e historial de pagos.<\/p><p>Datos de comunicaci\u00f3n: Informaci\u00f3n procedente de solicitudes de ayuda y comentarios.<\/p><p>B. Informaci\u00f3n recogida autom\u00e1ticamente<\/p><p>Datos de uso: Inicio de sesi\u00f3n, interacciones con nuestro sitio web y uso de funciones.<\/p><p>Informaci\u00f3n del dispositivo: Tipo de navegador, direcci\u00f3n IP y sistema operativo.<\/p><p>C. Integraciones de terceros<\/p><p>Integraci\u00f3n con Telegram y Binance: Si conectas tu cuenta, s\u00f3lo procesamos los datos necesarios para la ejecuci\u00f3n de las operaciones.<\/p><p>3. C\u00f3mo utilizamos tus datos<\/p><p>Utilizamos tus datos para:<\/p><p>Proporcionar, mantener y mejorar nuestros servicios.<\/p><p>Procesa los pagos y gestiona las suscripciones.<\/p><p>Comunicarse contigo sobre actualizaciones, asistencia o alertas de seguridad.<\/p><p>Analiza el uso de la plataforma para mejorar la experiencia del usuario.<\/p><p>Cumplir las obligaciones legales y evitar el fraude.<\/p><p>4. C\u00f3mo protegemos tus datos<\/p><p>Aplicamos medidas de seguridad, entre ellas<\/p><p>Cifrado de datos: Proteger la informaci\u00f3n sensible.<\/p><p>Procesamiento de pagos seguro: Sin almacenamiento directo de los datos de pago (gestionado por Stripe o proveedores similares).<\/p><p>Control de acceso: Restringir el acceso interno a los datos personales.<\/p><p>A pesar de estas medidas, ning\u00fan servicio en l\u00ednea es 100% seguro. Se recomienda a los usuarios que utilicen contrase\u00f1as seguras y activen la autenticaci\u00f3n de dos factores (si est\u00e1 disponible). <\/p><p>5. Compartir datos y servicios de terceros<\/p><p>No vendemos tus datos personales. Sin embargo, podemos compartir datos con: <\/p><p>Procesadores de pagos (por ejemplo, Stripe): Para gestionar las transacciones de forma segura.<\/p><p>Socios de automatizaci\u00f3n (por ejemplo, integraci\u00f3n con Binance): Para ejecutar se\u00f1ales de comercio previa autorizaci\u00f3n del usuario.<\/p><p>Autoridades legales: Si es necesario para cumplir las leyes o proteger nuestros derechos.<\/p><p>6. Conservaci\u00f3n de datos<\/p><p>Conservamos los datos de tu cuenta mientras utilices nuestros servicios.<\/p><p>Si cancelas tu suscripci\u00f3n, podemos conservar registros m\u00ednimos con fines legales, de seguridad y de cumplimiento.<\/p><p>7. Tus derechos<\/p><p>Seg\u00fan tu jurisdicci\u00f3n, puedes tener derecho a:<\/p><p>Acceder a tus datos personales.<\/p><p>Solicitar la rectificaci\u00f3n o supresi\u00f3n de datos.<\/p><p>Oponerte al tratamiento de datos o solicitar la portabilidad.<\/p><p>Para ejercer tus derechos, ponte en contacto con nosotros en support@whalesignals.ai.<\/p><p>8. Cookies y tecnolog\u00edas de seguimiento<\/p><p>Utilizamos cookies para la funcionalidad y el an\u00e1lisis del sitio web.<\/p><p>Los usuarios pueden ajustar las preferencias de cookies en la configuraci\u00f3n de su navegador.<\/p><p>9. Cambios en esta Pol\u00edtica de Privacidad<\/p><p>Podemos actualizar esta Pol\u00edtica de Privacidad peri\u00f3dicamente. Los cambios significativos se notificar\u00e1n por correo electr\u00f3nico o mediante anuncios en el sitio web. <\/p><p>10. Contacta con nosotros<\/p><p>Para cualquier pregunta relacionada con la privacidad, ponte en contacto con:<br>support@whalesignals.ai.<\/p>\t\t\t\t\t\t\t\t<\/div>\n\t\t\t\t<\/div>\n\t\t\t\t\t<\/div>\n\t\t\t\t<\/div>\n\t\t\t\t<\/div>\n\t\t","protected":false},"excerpt":{"rendered":"<p>Pol\u00edtica de privacidad Fecha de entrada en vigor: 01.01.2025Nombre del servicio: WhaleSignals.ai Sitio web: www.whalesignals.ai 1. Introducci\u00f3n WhaleSignals.ai (\"nosotros\", \"nos\" o \"nuestro\") respeta tu privacidad y se compromete a proteger tus datos personales. Esta Pol\u00edtica de Privacidad explica c\u00f3mo recogemos, utilizamos y protegemos tu informaci\u00f3n cuando utilizas nuestro sitio web y nuestros servicios. Al utilizar [&hellip;]<\/p>\n","protected":false},"author":1,"featured_media":0,"parent":0,"menu_order":0,"comment_status":"closed","ping_status":"closed","template":"","meta":{"footnotes":""},"class_list":["post-3168","page","type-page","status-publish","hentry"],"yoast_head":"<!-- This site is optimized with the Yoast SEO plugin v25.6 - https:\/\/yoast.com\/wordpress\/plugins\/seo\/ -->\n<title>Pol\u00edtica de privacidad - Whale Signals<\/title>\n<meta name=\"robots\" content=\"index, follow, max-snippet:-1, max-image-preview:large, max-video-preview:-1\" \/>\n<link rel=\"canonical\" href=\"https:\/\/www.whalesignals.ai\/es\/politica-de-privacidad\/\" \/>\n<meta property=\"og:locale\" content=\"es_ES\" \/>\n<meta property=\"og:type\" content=\"article\" \/>\n<meta property=\"og:title\" content=\"Pol\u00edtica de privacidad - Whale Signals\" \/>\n<meta property=\"og:description\" content=\"Pol\u00edtica de privacidad Fecha de entrada en vigor: 01.01.2025Nombre del servicio: WhaleSignals.ai Sitio web: www.whalesignals.ai 1. Introducci\u00f3n WhaleSignals.ai (&quot;nosotros&quot;, &quot;nos&quot; o &quot;nuestro&quot;) respeta tu privacidad y se compromete a proteger tus datos personales. Esta Pol\u00edtica de Privacidad explica c\u00f3mo recogemos, utilizamos y protegemos tu informaci\u00f3n cuando utilizas nuestro sitio web y nuestros servicios. Al utilizar [&hellip;]\" \/>\n<meta property=\"og:url\" content=\"https:\/\/www.whalesignals.ai\/es\/politica-de-privacidad\/\" \/>\n<meta property=\"og:site_name\" content=\"Whale Signals\" \/>\n<meta property=\"article:publisher\" content=\"https:\/\/www.facebook.com\/profile.php?id=61572500546632&amp;mibextid=wwXIfr&amp;rdid=7Ofz3CaJqXUNsgwy&amp;share_url=httpswww.facebook.comshare1BJnB9p5ArmibextidwwXIfr#\" \/>\n<meta property=\"article:modified_time\" content=\"2025-05-23T05:08:14+00:00\" \/>\n<meta name=\"twitter:card\" content=\"summary_large_image\" \/>\n<meta name=\"twitter:site\" content=\"@WhaleSignals_ai\" \/>\n<meta name=\"twitter:label1\" content=\"Tiempo de lectura\" \/>\n\t<meta name=\"twitter:data1\" content=\"3 minutos\" \/>\n<script type=\"application\/ld+json\" class=\"yoast-schema-graph\">{\"@context\":\"https:\/\/schema.org\",\"@graph\":[{\"@type\":\"WebPage\",\"@id\":\"https:\/\/www.whalesignals.ai\/es\/politica-de-privacidad\/\",\"url\":\"https:\/\/www.whalesignals.ai\/es\/politica-de-privacidad\/\",\"name\":\"Pol\u00edtica de privacidad - Whale Signals\",\"isPartOf\":{\"@id\":\"https:\/\/www.whalesignals.ai\/es\/#website\"},\"datePublished\":\"2025-04-10T12:57:18+00:00\",\"dateModified\":\"2025-05-23T05:08:14+00:00\",\"breadcrumb\":{\"@id\":\"https:\/\/www.whalesignals.ai\/es\/politica-de-privacidad\/#breadcrumb\"},\"inLanguage\":\"es\",\"potentialAction\":[{\"@type\":\"ReadAction\",\"target\":[\"https:\/\/www.whalesignals.ai\/es\/politica-de-privacidad\/\"]}]},{\"@type\":\"BreadcrumbList\",\"@id\":\"https:\/\/www.whalesignals.ai\/es\/politica-de-privacidad\/#breadcrumb\",\"itemListElement\":[{\"@type\":\"ListItem\",\"position\":1,\"name\":\"Home\",\"item\":\"https:\/\/www.whalesignals.ai\/es\/\"},{\"@type\":\"ListItem\",\"position\":2,\"name\":\"Pol\u00edtica de privacidad\"}]},{\"@type\":\"WebSite\",\"@id\":\"https:\/\/www.whalesignals.ai\/es\/#website\",\"url\":\"https:\/\/www.whalesignals.ai\/es\/\",\"name\":\"Whale Signals\",\"description\":\"Navigate the Crypto Market Like a Whale | Backtested Signals &amp; Automation\",\"publisher\":{\"@id\":\"https:\/\/www.whalesignals.ai\/es\/#organization\"},\"potentialAction\":[{\"@type\":\"SearchAction\",\"target\":{\"@type\":\"EntryPoint\",\"urlTemplate\":\"https:\/\/www.whalesignals.ai\/es\/?s={search_term_string}\"},\"query-input\":{\"@type\":\"PropertyValueSpecification\",\"valueRequired\":true,\"valueName\":\"search_term_string\"}}],\"inLanguage\":\"es\"},{\"@type\":\"Organization\",\"@id\":\"https:\/\/www.whalesignals.ai\/es\/#organization\",\"name\":\"Se\u00f1ales de ballena\",\"url\":\"https:\/\/www.whalesignals.ai\/es\/\",\"logo\":{\"@type\":\"ImageObject\",\"inLanguage\":\"es\",\"@id\":\"https:\/\/www.whalesignals.ai\/es\/#\/schema\/logo\/image\/\",\"url\":\"https:\/\/www.whalesignals.ai\/wp-content\/uploads\/jet-engine-forms\/1\/2025\/03\/whalesignals-logotype@2x.png\",\"contentUrl\":\"https:\/\/www.whalesignals.ai\/wp-content\/uploads\/jet-engine-forms\/1\/2025\/03\/whalesignals-logotype@2x.png\",\"width\":529,\"height\":529,\"caption\":\"Se\u00f1ales de ballena\"},\"image\":{\"@id\":\"https:\/\/www.whalesignals.ai\/es\/#\/schema\/logo\/image\/\"},\"sameAs\":[\"https:\/\/www.facebook.com\/profile.php?id=61572500546632&mibextid=wwXIfr&rdid=7Ofz3CaJqXUNsgwy&share_url=httpswww.facebook.comshare1BJnB9p5ArmibextidwwXIfr#\",\"https:\/\/x.com\/WhaleSignals_ai\",\"https:\/\/www.instagram.com\/whalesignals.ai\/\"]}]}<\/script>\n<!-- \/ Yoast SEO plugin. -->","yoast_head_json":{"title":"Pol\u00edtica de privacidad - Whale Signals","robots":{"index":"index","follow":"follow","max-snippet":"max-snippet:-1","max-image-preview":"max-image-preview:large","max-video-preview":"max-video-preview:-1"},"canonical":"https:\/\/www.whalesignals.ai\/es\/politica-de-privacidad\/","og_locale":"es_ES","og_type":"article","og_title":"Pol\u00edtica de privacidad - Whale Signals","og_description":"Pol\u00edtica de privacidad Fecha de entrada en vigor: 01.01.2025Nombre del servicio: WhaleSignals.ai Sitio web: www.whalesignals.ai 1. Introducci\u00f3n WhaleSignals.ai (\"nosotros\", \"nos\" o \"nuestro\") respeta tu privacidad y se compromete a proteger tus datos personales. Esta Pol\u00edtica de Privacidad explica c\u00f3mo recogemos, utilizamos y protegemos tu informaci\u00f3n cuando utilizas nuestro sitio web y nuestros servicios. Al utilizar [&hellip;]","og_url":"https:\/\/www.whalesignals.ai\/es\/politica-de-privacidad\/","og_site_name":"Whale Signals","article_publisher":"https:\/\/www.facebook.com\/profile.php?id=61572500546632&mibextid=wwXIfr&rdid=7Ofz3CaJqXUNsgwy&share_url=httpswww.facebook.comshare1BJnB9p5ArmibextidwwXIfr#","article_modified_time":"2025-05-23T05:08:14+00:00","twitter_card":"summary_large_image","twitter_site":"@WhaleSignals_ai","twitter_misc":{"Tiempo de lectura":"3 minutos"},"schema":{"@context":"https:\/\/schema.org","@graph":[{"@type":"WebPage","@id":"https:\/\/www.whalesignals.ai\/es\/politica-de-privacidad\/","url":"https:\/\/www.whalesignals.ai\/es\/politica-de-privacidad\/","name":"Pol\u00edtica de privacidad - Whale Signals","isPartOf":{"@id":"https:\/\/www.whalesignals.ai\/es\/#website"},"datePublished":"2025-04-10T12:57:18+00:00","dateModified":"2025-05-23T05:08:14+00:00","breadcrumb":{"@id":"https:\/\/www.whalesignals.ai\/es\/politica-de-privacidad\/#breadcrumb"},"inLanguage":"es","potentialAction":[{"@type":"ReadAction","target":["https:\/\/www.whalesignals.ai\/es\/politica-de-privacidad\/"]}]},{"@type":"BreadcrumbList","@id":"https:\/\/www.whalesignals.ai\/es\/politica-de-privacidad\/#breadcrumb","itemListElement":[{"@type":"ListItem","position":1,"name":"Home","item":"https:\/\/www.whalesignals.ai\/es\/"},{"@type":"ListItem","position":2,"name":"Pol\u00edtica de privacidad"}]},{"@type":"WebSite","@id":"https:\/\/www.whalesignals.ai\/es\/#website","url":"https:\/\/www.whalesignals.ai\/es\/","name":"Whale Signals","description":"Navigate the Crypto Market Like a Whale | Backtested Signals &amp; Automation","publisher":{"@id":"https:\/\/www.whalesignals.ai\/es\/#organization"},"potentialAction":[{"@type":"SearchAction","target":{"@type":"EntryPoint","urlTemplate":"https:\/\/www.whalesignals.ai\/es\/?s={search_term_string}"},"query-input":{"@type":"PropertyValueSpecification","valueRequired":true,"valueName":"search_term_string"}}],"inLanguage":"es"},{"@type":"Organization","@id":"https:\/\/www.whalesignals.ai\/es\/#organization","name":"Se\u00f1ales de ballena","url":"https:\/\/www.whalesignals.ai\/es\/","logo":{"@type":"ImageObject","inLanguage":"es","@id":"https:\/\/www.whalesignals.ai\/es\/#\/schema\/logo\/image\/","url":"https:\/\/www.whalesignals.ai\/wp-content\/uploads\/jet-engine-forms\/1\/2025\/03\/whalesignals-logotype@2x.png","contentUrl":"https:\/\/www.whalesignals.ai\/wp-content\/uploads\/jet-engine-forms\/1\/2025\/03\/whalesignals-logotype@2x.png","width":529,"height":529,"caption":"Se\u00f1ales de ballena"},"image":{"@id":"https:\/\/www.whalesignals.ai\/es\/#\/schema\/logo\/image\/"},"sameAs":["https:\/\/www.facebook.com\/profile.php?id=61572500546632&mibextid=wwXIfr&rdid=7Ofz3CaJqXUNsgwy&share_url=httpswww.facebook.comshare1BJnB9p5ArmibextidwwXIfr#","https:\/\/x.com\/WhaleSignals_ai","https:\/\/www.instagram.com\/whalesignals.ai\/"]}]}},"_links":{"self":[{"href":"https:\/\/www.whalesignals.ai\/es\/wp-json\/wp\/v2\/pages\/3168","targetHints":{"allow":["GET"]}}],"collection":[{"href":"https:\/\/www.whalesignals.ai\/es\/wp-json\/wp\/v2\/pages"}],"about":[{"href":"https:\/\/www.whalesignals.ai\/es\/wp-json\/wp\/v2\/types\/page"}],"author":[{"embeddable":true,"href":"https:\/\/www.whalesignals.ai\/es\/wp-json\/wp\/v2\/users\/1"}],"replies":[{"embeddable":true,"href":"https:\/\/www.whalesignals.ai\/es\/wp-json\/wp\/v2\/comments?post=3168"}],"version-history":[{"count":2,"href":"https:\/\/www.whalesignals.ai\/es\/wp-json\/wp\/v2\/pages\/3168\/revisions"}],"predecessor-version":[{"id":4494,"href":"https:\/\/www.whalesignals.ai\/es\/wp-json\/wp\/v2\/pages\/3168\/revisions\/4494"}],"wp:attachment":[{"href":"https:\/\/www.whalesignals.ai\/es\/wp-json\/wp\/v2\/media?parent=3168"}],"curies":[{"name":"wp","href":"https:\/\/api.w.org\/{rel}","templated":true}]}}