{"id":3160,"date":"2025-01-26T11:27:32","date_gmt":"2025-01-26T10:27:32","guid":{"rendered":"https:\/\/www.whalesignals.ai\/prihlasenie\/"},"modified":"2025-09-02T11:47:21","modified_gmt":"2025-09-02T09:47:21","slug":"prihlasenie","status":"publish","type":"page","link":"https:\/\/www.whalesignals.ai\/sk\/prihlasenie\/","title":{"rendered":"Prihl\u00e1senie"},"content":{"rendered":"\t\t<div data-elementor-type=\"wp-page\" data-elementor-id=\"3160\" class=\"elementor elementor-3160 elementor-488\" data-elementor-post-type=\"page\">\n\t\t\t\t<div class=\"elementor-element elementor-element-8201087 e-con-full e-flex e-con e-parent\" data-id=\"8201087\" data-element_type=\"container\" data-e-type=\"container\" data-settings=\"{&quot;background_background&quot;:&quot;classic&quot;}\">\n\t\t\t\t<div class=\"elementor-element elementor-element-2c288fe elementor-widget elementor-widget-heading\" data-id=\"2c288fe\" data-element_type=\"widget\" data-e-type=\"widget\" data-widget_type=\"heading.default\">\n\t\t\t\t<div class=\"elementor-widget-container\">\n\t\t\t\t\t<h1 class=\"elementor-heading-title elementor-size-default\">Prihl\u00e1senie<\/h1>\t\t\t\t<\/div>\n\t\t\t\t<\/div>\n\t\t<div class=\"elementor-element elementor-element-5cf268d e-con-full e-flex e-con e-child\" data-id=\"5cf268d\" data-element_type=\"container\" data-e-type=\"container\">\n\t\t\t\t<div class=\"elementor-element elementor-element-481ec75 elementor-widget elementor-widget-html\" data-id=\"481ec75\" data-element_type=\"widget\" data-e-type=\"widget\" data-widget_type=\"html.default\">\n\t\t\t\t<div class=\"elementor-widget-container\">\n\t\t\t\t\t<a href=\"https:\/\/www.whalesignals.ai\/wp-login.php?loginSocial=facebook\" data-plugin=\"nsl\" data-action=\"connect\" data-redirect=\"\/my-account\/\" data-provider=\"facebook\" data-popupwidth=\"600\" data-popupheight=\"679\">\n    <img decoding=\"async\" src=\"https:\/\/www.whalesignals.ai\/wp-content\/uploads\/2025\/02\/facebook.svg\">\n<a href=\"https:\/\/www.whalesignals.ai\/wp-login.php?loginSocial=google\" data-plugin=\"nsl\" data-action=\"connect\" data-redirect=\"\/my-account\/\" data-provider=\"google\" data-popupwidth=\"600\" data-popupheight=\"600\">\n<img decoding=\"async\" src=\"https:\/\/www.whalesignals.ai\/wp-content\/uploads\/2025\/02\/google.svg\">\n<\/a>\n<a href=\"https:\/\/www.whalesignals.ai\/wp-login.php?loginSocial=twitter\" data-plugin=\"nsl\" data-action=\"connect\" data-redirect=\"\/my-account\/\" data-provider=\"twitter\" data-popupwidth=\"600\" data-popupheight=\"600\" cla=\"\"><img decoding=\"async\" src=\"https:\/\/www.whalesignals.ai\/wp-content\/uploads\/2025\/02\/twitter-x.svg\">\n<\/a>\t\t\t\t<\/div>\n\t\t\t\t<\/div>\n\t\t\t\t<\/div>\n\t\t\t\t<div class=\"elementor-element elementor-element-219ee2f elementor-widget__width-initial elementor-invisible elementor-widget elementor-widget-jet-form-builder-form\" data-id=\"219ee2f\" data-element_type=\"widget\" data-e-type=\"widget\" data-settings=\"{&quot;_animation&quot;:&quot;fadeIn&quot;}\" data-widget_type=\"jet-form-builder-form.default\">\n\t\t\t\t<div class=\"elementor-widget-container\">\n\t\t\t\t\t<link rel='stylesheet' id='wp-block-library-css' href='https:\/\/www.whalesignals.ai\/wp-includes\/css\/dist\/block-library\/style.min.css?ver=6.9.4' media='all' \/>\n<style id=\"jet-form-builder-2078-inline-css\"><\/style><form  class=\"jet-form-builder layout-column submit-type-reload\" action=\"https:\/\/www.whalesignals.ai\/sk\/wp-json\/wp\/v2\/pages\/3160\/?yBaV2f=smMT3k04ct&amp;method=reload\" method=\"POST\" data-form-id=\"2078\" data-layout=\"column\" enctype=\"multipart\/form-data\" novalidate=\"null\" ssr_validation_method=\"rest\"><input type=\"hidden\" id=\"_wpnonce\" name=\"_wpnonce\" value=\"a855230094\" \/><input type=\"hidden\" name=\"_wp_http_referer\" value=\"\/sk\/wp-json\/wp\/v2\/pages\/3160\" \/>\r\n<input type=\"hidden\" name=\"_jfb_current_render_states[]\" value=\"DEFAULT.STATE\" data-jfb-sync \/><input type=\"hidden\" class=\"jet-form-builder__field hidden-field\" name=\"_jet_engine_booking_form_id\" data-field-name=\"_jet_engine_booking_form_id\" value=\"2078\">\n<input type=\"hidden\" class=\"jet-form-builder__field hidden-field\" name=\"_jet_engine_refer\" data-field-name=\"_jet_engine_refer\" value=\"https:\/\/www.whalesignals.ai\/sk\/wp-json\/wp\/v2\/pages\/3160\/\">\n<input type=\"hidden\" class=\"jet-form-builder__field hidden-field\" name=\"__queried_post_id\" data-field-name=\"__queried_post_id\" value=\"3160\">\n<div  class=\"jet-form-builder-row field-type-text-field\" >\n<div class=\"jet-form-builder__label\">\r\n<label class=\"jet-form-builder__label-text\" for=\"login_email\">Login \/ email<\/label><\/div><div class=\"jet-form-builder__field-wrap\">\n\t\t\t\t<input placeholder=\"Email\" name=\"login_email\" id=\"login_email\" type=\"text\" data-field-name=\"login_email\" class=\"jet-form-builder__field text-field\" data-jfb-sync=\"null\" autocomplete=\"off_IapNbLQw\">\n\t\t\t\t\t<\/div>\n<\/div>\n\n<div  class=\"jet-form-builder-row field-type-text-field\" >\n<div class=\"jet-form-builder__label\">\r\n<label class=\"jet-form-builder__label-text\" for=\"password\">Password<\/label><\/div><div class=\"jet-form-builder__field-wrap\">\n\t\t\t\t<input placeholder=\"Password\" name=\"password\" id=\"password\" type=\"password\" data-field-name=\"password\" class=\"jet-form-builder__field text-field\" data-jfb-sync=\"null\" autocomplete=\"off_rNP3kqIQ\">\n\t\t\t\t\t<\/div>\n<\/div>\n\n<input type=\"hidden\" class=\"captcha-token\" name=\"_captcha_token\" value=\"\"\/><div  class=\"jet-form-builder-row field-type-submit-field\" >\n\t<div data-type=\"submit\" class=\"jet-form-builder__action-button-wrapper jet-form-builder__submit-wrap\">\n\t<button class=\"jet-form-builder__action-button jet-form-builder__submit submit-type-reload\" type=\"submit\">LOGIN<\/button>\n\t<\/div>\n\t\n<\/div>\n\n\n<p><\/p>\n\n\n\n<p><\/p>\n\t<div class=\"jet-form-builder-messages-wrap\" data-form-id=\"2078\"><\/div>\n<\/form>\n\t\t\t\t<\/div>\n\t\t\t\t<\/div>\n\t\t\t\t<\/div>\n\t\t\t\t<\/div>\n\t\t","protected":false},"excerpt":{"rendered":"<p>Login \/ email Password LOGIN<\/p>\n","protected":false},"author":1,"featured_media":0,"parent":0,"menu_order":0,"comment_status":"closed","ping_status":"closed","template":"","meta":{"footnotes":""},"class_list":["post-3160","page","type-page","status-publish","hentry"],"yoast_head":"<!-- This site is optimized with the Yoast SEO plugin v25.6 - https:\/\/yoast.com\/wordpress\/plugins\/seo\/ -->\n<title>Prihl\u00e1senie - Whale Signals<\/title>\n<meta name=\"robots\" content=\"index, follow, max-snippet:-1, max-image-preview:large, max-video-preview:-1\" \/>\n<link rel=\"canonical\" href=\"https:\/\/www.whalesignals.ai\/sk\/prihlasenie\/\" \/>\n<meta property=\"og:locale\" content=\"sk_SK\" \/>\n<meta property=\"og:type\" content=\"article\" \/>\n<meta property=\"og:title\" content=\"Prihl\u00e1senie - Whale Signals\" \/>\n<meta property=\"og:description\" content=\"Login \/ email Password LOGIN\" \/>\n<meta property=\"og:url\" content=\"https:\/\/www.whalesignals.ai\/sk\/prihlasenie\/\" \/>\n<meta property=\"og:site_name\" content=\"Whale Signals\" \/>\n<meta property=\"article:publisher\" content=\"https:\/\/www.facebook.com\/profile.php?id=61572500546632&amp;mibextid=wwXIfr&amp;rdid=7Ofz3CaJqXUNsgwy&amp;share_url=httpswww.facebook.comshare1BJnB9p5ArmibextidwwXIfr#\" \/>\n<meta property=\"article:modified_time\" content=\"2025-09-02T09:47:21+00:00\" \/>\n<meta property=\"og:image\" content=\"https:\/\/www.whalesignals.ai\/wp-content\/uploads\/2025\/02\/facebook.svg\" \/>\n<meta name=\"twitter:card\" content=\"summary_large_image\" \/>\n<meta name=\"twitter:site\" content=\"@WhaleSignals_ai\" \/>\n<script type=\"application\/ld+json\" class=\"yoast-schema-graph\">{\"@context\":\"https:\/\/schema.org\",\"@graph\":[{\"@type\":\"WebPage\",\"@id\":\"https:\/\/www.whalesignals.ai\/sk\/prihlasenie\/\",\"url\":\"https:\/\/www.whalesignals.ai\/sk\/prihlasenie\/\",\"name\":\"Prihl\u00e1senie - Whale Signals\",\"isPartOf\":{\"@id\":\"https:\/\/www.whalesignals.ai\/sk\/#website\"},\"primaryImageOfPage\":{\"@id\":\"https:\/\/www.whalesignals.ai\/sk\/prihlasenie\/#primaryimage\"},\"image\":{\"@id\":\"https:\/\/www.whalesignals.ai\/sk\/prihlasenie\/#primaryimage\"},\"thumbnailUrl\":\"https:\/\/www.whalesignals.ai\/wp-content\/uploads\/2025\/02\/facebook.svg\",\"datePublished\":\"2025-01-26T10:27:32+00:00\",\"dateModified\":\"2025-09-02T09:47:21+00:00\",\"breadcrumb\":{\"@id\":\"https:\/\/www.whalesignals.ai\/sk\/prihlasenie\/#breadcrumb\"},\"inLanguage\":\"sk-SK\",\"potentialAction\":[{\"@type\":\"ReadAction\",\"target\":[\"https:\/\/www.whalesignals.ai\/sk\/prihlasenie\/\"]}]},{\"@type\":\"ImageObject\",\"inLanguage\":\"sk-SK\",\"@id\":\"https:\/\/www.whalesignals.ai\/sk\/prihlasenie\/#primaryimage\",\"url\":\"https:\/\/www.whalesignals.ai\/wp-content\/uploads\/2025\/02\/facebook.svg\",\"contentUrl\":\"https:\/\/www.whalesignals.ai\/wp-content\/uploads\/2025\/02\/facebook.svg\"},{\"@type\":\"BreadcrumbList\",\"@id\":\"https:\/\/www.whalesignals.ai\/sk\/prihlasenie\/#breadcrumb\",\"itemListElement\":[{\"@type\":\"ListItem\",\"position\":1,\"name\":\"Home\",\"item\":\"https:\/\/www.whalesignals.ai\/sk\/\"},{\"@type\":\"ListItem\",\"position\":2,\"name\":\"Prihl\u00e1senie\"}]},{\"@type\":\"WebSite\",\"@id\":\"https:\/\/www.whalesignals.ai\/sk\/#website\",\"url\":\"https:\/\/www.whalesignals.ai\/sk\/\",\"name\":\"Whale Signals\",\"description\":\"Navigate the Crypto Market Like a Whale | Backtested Signals &amp; Automation\",\"publisher\":{\"@id\":\"https:\/\/www.whalesignals.ai\/sk\/#organization\"},\"potentialAction\":[{\"@type\":\"SearchAction\",\"target\":{\"@type\":\"EntryPoint\",\"urlTemplate\":\"https:\/\/www.whalesignals.ai\/sk\/?s={search_term_string}\"},\"query-input\":{\"@type\":\"PropertyValueSpecification\",\"valueRequired\":true,\"valueName\":\"search_term_string\"}}],\"inLanguage\":\"sk-SK\"},{\"@type\":\"Organization\",\"@id\":\"https:\/\/www.whalesignals.ai\/sk\/#organization\",\"name\":\"Sign\u00e1ly ve\u013er\u00fdb\",\"url\":\"https:\/\/www.whalesignals.ai\/sk\/\",\"logo\":{\"@type\":\"ImageObject\",\"inLanguage\":\"sk-SK\",\"@id\":\"https:\/\/www.whalesignals.ai\/sk\/#\/schema\/logo\/image\/\",\"url\":\"https:\/\/www.whalesignals.ai\/wp-content\/uploads\/jet-engine-forms\/1\/2025\/03\/whalesignals-logotype@2x.png\",\"contentUrl\":\"https:\/\/www.whalesignals.ai\/wp-content\/uploads\/jet-engine-forms\/1\/2025\/03\/whalesignals-logotype@2x.png\",\"width\":529,\"height\":529,\"caption\":\"Sign\u00e1ly ve\u013er\u00fdb\"},\"image\":{\"@id\":\"https:\/\/www.whalesignals.ai\/sk\/#\/schema\/logo\/image\/\"},\"sameAs\":[\"https:\/\/www.facebook.com\/profile.php?id=61572500546632&mibextid=wwXIfr&rdid=7Ofz3CaJqXUNsgwy&share_url=httpswww.facebook.comshare1BJnB9p5ArmibextidwwXIfr#\",\"https:\/\/x.com\/WhaleSignals_ai\",\"https:\/\/www.instagram.com\/whalesignals.ai\/\"]}]}<\/script>\n<!-- \/ Yoast SEO plugin. -->","yoast_head_json":{"title":"Prihl\u00e1senie - Whale Signals","robots":{"index":"index","follow":"follow","max-snippet":"max-snippet:-1","max-image-preview":"max-image-preview:large","max-video-preview":"max-video-preview:-1"},"canonical":"https:\/\/www.whalesignals.ai\/sk\/prihlasenie\/","og_locale":"sk_SK","og_type":"article","og_title":"Prihl\u00e1senie - Whale Signals","og_description":"Login \/ email Password LOGIN","og_url":"https:\/\/www.whalesignals.ai\/sk\/prihlasenie\/","og_site_name":"Whale Signals","article_publisher":"https:\/\/www.facebook.com\/profile.php?id=61572500546632&mibextid=wwXIfr&rdid=7Ofz3CaJqXUNsgwy&share_url=httpswww.facebook.comshare1BJnB9p5ArmibextidwwXIfr#","article_modified_time":"2025-09-02T09:47:21+00:00","og_image":[{"url":"https:\/\/www.whalesignals.ai\/wp-content\/uploads\/2025\/02\/facebook.svg","type":"","width":"","height":""}],"twitter_card":"summary_large_image","twitter_site":"@WhaleSignals_ai","schema":{"@context":"https:\/\/schema.org","@graph":[{"@type":"WebPage","@id":"https:\/\/www.whalesignals.ai\/sk\/prihlasenie\/","url":"https:\/\/www.whalesignals.ai\/sk\/prihlasenie\/","name":"Prihl\u00e1senie - Whale Signals","isPartOf":{"@id":"https:\/\/www.whalesignals.ai\/sk\/#website"},"primaryImageOfPage":{"@id":"https:\/\/www.whalesignals.ai\/sk\/prihlasenie\/#primaryimage"},"image":{"@id":"https:\/\/www.whalesignals.ai\/sk\/prihlasenie\/#primaryimage"},"thumbnailUrl":"https:\/\/www.whalesignals.ai\/wp-content\/uploads\/2025\/02\/facebook.svg","datePublished":"2025-01-26T10:27:32+00:00","dateModified":"2025-09-02T09:47:21+00:00","breadcrumb":{"@id":"https:\/\/www.whalesignals.ai\/sk\/prihlasenie\/#breadcrumb"},"inLanguage":"sk-SK","potentialAction":[{"@type":"ReadAction","target":["https:\/\/www.whalesignals.ai\/sk\/prihlasenie\/"]}]},{"@type":"ImageObject","inLanguage":"sk-SK","@id":"https:\/\/www.whalesignals.ai\/sk\/prihlasenie\/#primaryimage","url":"https:\/\/www.whalesignals.ai\/wp-content\/uploads\/2025\/02\/facebook.svg","contentUrl":"https:\/\/www.whalesignals.ai\/wp-content\/uploads\/2025\/02\/facebook.svg"},{"@type":"BreadcrumbList","@id":"https:\/\/www.whalesignals.ai\/sk\/prihlasenie\/#breadcrumb","itemListElement":[{"@type":"ListItem","position":1,"name":"Home","item":"https:\/\/www.whalesignals.ai\/sk\/"},{"@type":"ListItem","position":2,"name":"Prihl\u00e1senie"}]},{"@type":"WebSite","@id":"https:\/\/www.whalesignals.ai\/sk\/#website","url":"https:\/\/www.whalesignals.ai\/sk\/","name":"Whale Signals","description":"Navigate the Crypto Market Like a Whale | Backtested Signals &amp; Automation","publisher":{"@id":"https:\/\/www.whalesignals.ai\/sk\/#organization"},"potentialAction":[{"@type":"SearchAction","target":{"@type":"EntryPoint","urlTemplate":"https:\/\/www.whalesignals.ai\/sk\/?s={search_term_string}"},"query-input":{"@type":"PropertyValueSpecification","valueRequired":true,"valueName":"search_term_string"}}],"inLanguage":"sk-SK"},{"@type":"Organization","@id":"https:\/\/www.whalesignals.ai\/sk\/#organization","name":"Sign\u00e1ly ve\u013er\u00fdb","url":"https:\/\/www.whalesignals.ai\/sk\/","logo":{"@type":"ImageObject","inLanguage":"sk-SK","@id":"https:\/\/www.whalesignals.ai\/sk\/#\/schema\/logo\/image\/","url":"https:\/\/www.whalesignals.ai\/wp-content\/uploads\/jet-engine-forms\/1\/2025\/03\/whalesignals-logotype@2x.png","contentUrl":"https:\/\/www.whalesignals.ai\/wp-content\/uploads\/jet-engine-forms\/1\/2025\/03\/whalesignals-logotype@2x.png","width":529,"height":529,"caption":"Sign\u00e1ly ve\u013er\u00fdb"},"image":{"@id":"https:\/\/www.whalesignals.ai\/sk\/#\/schema\/logo\/image\/"},"sameAs":["https:\/\/www.facebook.com\/profile.php?id=61572500546632&mibextid=wwXIfr&rdid=7Ofz3CaJqXUNsgwy&share_url=httpswww.facebook.comshare1BJnB9p5ArmibextidwwXIfr#","https:\/\/x.com\/WhaleSignals_ai","https:\/\/www.instagram.com\/whalesignals.ai\/"]}]}},"_links":{"self":[{"href":"https:\/\/www.whalesignals.ai\/sk\/wp-json\/wp\/v2\/pages\/3160","targetHints":{"allow":["GET"]}}],"collection":[{"href":"https:\/\/www.whalesignals.ai\/sk\/wp-json\/wp\/v2\/pages"}],"about":[{"href":"https:\/\/www.whalesignals.ai\/sk\/wp-json\/wp\/v2\/types\/page"}],"author":[{"embeddable":true,"href":"https:\/\/www.whalesignals.ai\/sk\/wp-json\/wp\/v2\/users\/1"}],"replies":[{"embeddable":true,"href":"https:\/\/www.whalesignals.ai\/sk\/wp-json\/wp\/v2\/comments?post=3160"}],"version-history":[{"count":55,"href":"https:\/\/www.whalesignals.ai\/sk\/wp-json\/wp\/v2\/pages\/3160\/revisions"}],"predecessor-version":[{"id":7382,"href":"https:\/\/www.whalesignals.ai\/sk\/wp-json\/wp\/v2\/pages\/3160\/revisions\/7382"}],"wp:attachment":[{"href":"https:\/\/www.whalesignals.ai\/sk\/wp-json\/wp\/v2\/media?parent=3160"}],"curies":[{"name":"wp","href":"https:\/\/api.w.org\/{rel}","templated":true}]}}