{"id":3177,"date":"2025-04-10T14:57:18","date_gmt":"2025-04-10T12:57:18","guid":{"rendered":"https:\/\/www.whalesignals.ai\/zasady-ochrany-osobnych-udajov\/"},"modified":"2025-05-23T07:08:14","modified_gmt":"2025-05-23T05:08:14","slug":"zasady-ochrany-osobnych-udajov","status":"publish","type":"page","link":"https:\/\/www.whalesignals.ai\/sk\/zasady-ochrany-osobnych-udajov\/","title":{"rendered":"Z\u00e1sady ochrany osobn\u00fdch \u00fadajov"},"content":{"rendered":"\t\t<div data-elementor-type=\"wp-page\" data-elementor-id=\"3177\" class=\"elementor elementor-3177 elementor-3\" data-elementor-post-type=\"page\">\n\t\t\t\t<div class=\"elementor-element elementor-element-21c7312a e-flex e-con-boxed e-con e-parent\" data-id=\"21c7312a\" data-element_type=\"container\" data-e-type=\"container\">\n\t\t\t\t\t<div class=\"e-con-inner\">\n\t\t\t\t<div class=\"elementor-element elementor-element-eb6ce63 elementor-widget elementor-widget-heading\" data-id=\"eb6ce63\" data-element_type=\"widget\" data-e-type=\"widget\" data-widget_type=\"heading.default\">\n\t\t\t\t<div class=\"elementor-widget-container\">\n\t\t\t\t\t<h1 class=\"elementor-heading-title elementor-size-default\">Z\u00e1sady ochrany osobn\u00fdch \u00fadajov<\/h1>\t\t\t\t<\/div>\n\t\t\t\t<\/div>\n\t\t\t\t<div class=\"elementor-element elementor-element-eebc6d9 elementor-widget elementor-widget-text-editor\" data-id=\"eebc6d9\" data-element_type=\"widget\" data-e-type=\"widget\" data-widget_type=\"text-editor.default\">\n\t\t\t\t<div class=\"elementor-widget-container\">\n\t\t\t\t\t\t\t\t\t<p>D\u00e1tum \u00fa\u010dinnosti: 01.01.2025<br>N\u00e1zov slu\u017eby: WhaleSignals.ai <br>Webov\u00e1 str\u00e1nka: www.whalesignals.ai<\/p><p>1. \u00davod<\/p><p>Spolo\u010dnos\u0165 WhaleSignals.ai (\u010falej len \"my\", \"n\u00e1s\" alebo \"na\u0161a\") re\u0161pektuje va\u0161e s\u00fakromie a zav\u00e4zuje sa chr\u00e1ni\u0165 va\u0161e osobn\u00e9 \u00fadaje. Tieto z\u00e1sady ochrany osobn\u00fdch \u00fadajov vysvet\u013euj\u00fa, ako zhroma\u017e\u010fujeme, pou\u017e\u00edvame a chr\u00e1nime va\u0161e \u00fadaje, ke\u010f pou\u017e\u00edvate na\u0161e webov\u00e9 str\u00e1nky a slu\u017eby. <\/p><p>Pou\u017e\u00edvan\u00edm str\u00e1nky WhaleSignals.ai s\u00fahlas\u00edte s podmienkami uveden\u00fdmi v t\u00fdchto z\u00e1sad\u00e1ch ochrany osobn\u00fdch \u00fadajov. Ak s t\u00fdm nes\u00fahlas\u00edte, zdr\u017ete sa pou\u017e\u00edvania na\u0161ich slu\u017eieb. <\/p><p>2. \u00dadaje, ktor\u00e9 zhroma\u017e\u010fujeme<\/p><p>Zhroma\u017e\u010fujeme tieto typy \u00fadajov:<\/p><p>A. Inform\u00e1cie, ktor\u00e9 poskytujete<\/p><p>Inform\u00e1cie o \u00fa\u010dte: Meno, e-mailov\u00e1 adresa a platobn\u00e9 \u00fadaje pri registr\u00e1cii.<\/p><p>\u00dadaje o predplatnom: Typ pl\u00e1nu, faktura\u010dn\u00fd cyklus a hist\u00f3ria platieb.<\/p><p>Komunika\u010dn\u00e9 \u00fadaje: Inform\u00e1cie zo \u017eiadost\u00ed o podporu a sp\u00e4tnej v\u00e4zby.<\/p><p>B. Automaticky zhroma\u017e\u010fovan\u00e9 inform\u00e1cie<\/p><p>\u00dadaje o pou\u017e\u00edvan\u00ed: Prihl\u00e1senia, interakcie s na\u0161ou webovou str\u00e1nkou a pou\u017e\u00edvanie funkci\u00ed.<\/p><p>Inform\u00e1cie o zariaden\u00ed: Typ prehliada\u010da, IP adresa a opera\u010dn\u00fd syst\u00e9m.<\/p><p>C. Integr\u00e1cie tret\u00edch str\u00e1n<\/p><p>Integr\u00e1cia Telegramu a Binance: Ak pripoj\u00edte svoj \u00fa\u010det, spracujeme len \u00fadaje potrebn\u00e9 na vykonanie obchodu.<\/p><p>3. Ako pou\u017e\u00edvame va\u0161e \u00fadaje<\/p><p>Va\u0161e \u00fadaje pou\u017e\u00edvame na:<\/p><p>poskytova\u0165, udr\u017eiava\u0165 a zlep\u0161ova\u0165 na\u0161e slu\u017eby.<\/p><p>Sprac\u00favajte platby a spravujte predplatn\u00e9.<\/p><p>komunikova\u0165 s vami o aktualiz\u00e1ci\u00e1ch, podpore alebo bezpe\u010dnostn\u00fdch upozorneniach.<\/p><p>Analyzujte pou\u017e\u00edvanie platformy s cie\u013eom zlep\u0161i\u0165 pou\u017e\u00edvate\u013esk\u00fa sk\u00fasenos\u0165.<\/p><p>Dodr\u017eiava\u0165 z\u00e1konn\u00e9 povinnosti a predch\u00e1dza\u0165 podvodom.<\/p><p>4. Ako chr\u00e1nime va\u0161e \u00fadaje<\/p><p>Zav\u00e1dzame bezpe\u010dnostn\u00e9 opatrenia vr\u00e1tane:<\/p><p>\u0160ifrovanie \u00fadajov: Ochrana citliv\u00fdch inform\u00e1ci\u00ed.<\/p><p>Bezpe\u010dn\u00e9 spracovanie platieb: \u017diadne priame ukladanie platobn\u00fdch \u00fadajov (sprac\u00fava Stripe alebo podobn\u00ed poskytovatelia).<\/p><p>Kontrola pr\u00edstupu: Obmedzenie intern\u00e9ho pr\u00edstupu k osobn\u00fdm \u00fadajom.<\/p><p>Napriek t\u00fdmto opatreniam nie je \u017eiadna online slu\u017eba stopercentne bezpe\u010dn\u00e1. Pou\u017e\u00edvate\u013eom sa odpor\u00fa\u010da pou\u017e\u00edva\u0165 siln\u00e9 hesl\u00e1 a zapn\u00fa\u0165 dvojfaktorov\u00e9 overovanie (ak je k dispoz\u00edcii). <\/p><p>5. Zdie\u013eanie \u00fadajov a slu\u017eby tret\u00edch str\u00e1n<\/p><p>Va\u0161e osobn\u00e9 \u00fadaje nepred\u00e1vame. \u00dadaje v\u0161ak m\u00f4\u017eeme zdie\u013ea\u0165 s: <\/p><p>Spracovatelia platieb (napr. Stripe): Na bezpe\u010dn\u00e9 spracovanie transakci\u00ed.<\/p><p>Partneri pre automatiz\u00e1ciu (napr. integr\u00e1cia s Binance): Na vykon\u00e1vanie obchodn\u00fdch sign\u00e1lov po autoriz\u00e1cii pou\u017e\u00edvate\u013ea.<\/p><p>Pr\u00e1vne org\u00e1ny: Ak je to potrebn\u00e9 na dodr\u017eiavanie z\u00e1konov alebo ochranu na\u0161ich pr\u00e1v.<\/p><p>6. Uchov\u00e1vanie \u00fadajov<\/p><p>\u00dadaje o va\u0161om \u00fa\u010dte uchov\u00e1vame tak dlho, k\u00fdm pou\u017e\u00edvate na\u0161e slu\u017eby.<\/p><p>Ak zru\u0161\u00edte svoje predplatn\u00e9, m\u00f4\u017eeme si ponecha\u0165 minim\u00e1lne z\u00e1znamy na pr\u00e1vne \u00fa\u010dely, \u00fa\u010dely bezpe\u010dnosti a dodr\u017eiavania predpisov.<\/p><p>7. Va\u0161e pr\u00e1va<\/p><p>V z\u00e1vislosti od jurisdikcie m\u00f4\u017eete ma\u0165 pr\u00e1vo na:<\/p><p>Pr\u00edstup k va\u0161im osobn\u00fdm \u00fadajom.<\/p><p>Po\u017eiada\u0165 o opravu alebo vymazanie \u00fadajov.<\/p><p>vznies\u0165 n\u00e1mietku proti spracovaniu \u00fadajov alebo po\u017eiada\u0165 o prenosnos\u0165.<\/p><p>Ak chcete uplatni\u0165 svoje pr\u00e1va, kontaktujte n\u00e1s na adrese support@whalesignals.ai.<\/p><p>8. S\u00fabory cookie a technol\u00f3gie sledovania<\/p><p>S\u00fabory cookie pou\u017e\u00edvame na \u00fa\u010dely funk\u010dnosti webovej str\u00e1nky a anal\u00fdzy.<\/p><p>Pou\u017e\u00edvatelia m\u00f4\u017eu upravi\u0165 nastavenia s\u00faborov cookie v nastaveniach svojho prehliada\u010da.<\/p><p>9. Zmeny t\u00fdchto z\u00e1sad ochrany osobn\u00fdch \u00fadajov<\/p><p>Tieto z\u00e1sady ochrany osobn\u00fdch \u00fadajov m\u00f4\u017eeme pravidelne aktualizova\u0165. O v\u00fdznamn\u00fdch zmen\u00e1ch budeme informova\u0165 prostredn\u00edctvom e-mailu alebo ozn\u00e1men\u00ed na webovej str\u00e1nke. <\/p><p>10. Kontaktujte n\u00e1s<\/p><p>V pr\u00edpade ak\u00fdchko\u013evek ot\u00e1zok t\u00fdkaj\u00facich sa ochrany osobn\u00fdch \u00fadajov sa obr\u00e1\u0165te na:<br>support@whalesignals.ai.<\/p>\t\t\t\t\t\t\t\t<\/div>\n\t\t\t\t<\/div>\n\t\t\t\t\t<\/div>\n\t\t\t\t<\/div>\n\t\t\t\t<\/div>\n\t\t","protected":false},"excerpt":{"rendered":"<p>Z\u00e1sady ochrany osobn\u00fdch \u00fadajov D\u00e1tum \u00fa\u010dinnosti: 01.01.2025N\u00e1zov slu\u017eby: WhaleSignals.ai Webov\u00e1 str\u00e1nka: www.whalesignals.ai 1. \u00davod Spolo\u010dnos\u0165 WhaleSignals.ai (\u010falej len \"my\", \"n\u00e1s\" alebo \"na\u0161a\") re\u0161pektuje va\u0161e s\u00fakromie a zav\u00e4zuje sa chr\u00e1ni\u0165 va\u0161e osobn\u00e9 \u00fadaje. Tieto z\u00e1sady ochrany osobn\u00fdch \u00fadajov vysvet\u013euj\u00fa, ako zhroma\u017e\u010fujeme, pou\u017e\u00edvame a chr\u00e1nime va\u0161e \u00fadaje, ke\u010f pou\u017e\u00edvate na\u0161e webov\u00e9 str\u00e1nky a slu\u017eby. Pou\u017e\u00edvan\u00edm str\u00e1nky WhaleSignals.ai [&hellip;]<\/p>\n","protected":false},"author":1,"featured_media":0,"parent":0,"menu_order":0,"comment_status":"closed","ping_status":"closed","template":"","meta":{"footnotes":""},"class_list":["post-3177","page","type-page","status-publish","hentry"],"yoast_head":"<!-- This site is optimized with the Yoast SEO plugin v25.6 - https:\/\/yoast.com\/wordpress\/plugins\/seo\/ -->\n<title>Z\u00e1sady ochrany osobn\u00fdch \u00fadajov - Whale Signals<\/title>\n<meta name=\"robots\" content=\"index, follow, max-snippet:-1, max-image-preview:large, max-video-preview:-1\" \/>\n<link rel=\"canonical\" href=\"https:\/\/www.whalesignals.ai\/sk\/zasady-ochrany-osobnych-udajov\/\" \/>\n<meta property=\"og:locale\" content=\"sk_SK\" \/>\n<meta property=\"og:type\" content=\"article\" \/>\n<meta property=\"og:title\" content=\"Z\u00e1sady ochrany osobn\u00fdch \u00fadajov - Whale Signals\" \/>\n<meta property=\"og:description\" content=\"Z\u00e1sady ochrany osobn\u00fdch \u00fadajov D\u00e1tum \u00fa\u010dinnosti: 01.01.2025N\u00e1zov slu\u017eby: WhaleSignals.ai Webov\u00e1 str\u00e1nka: www.whalesignals.ai 1. \u00davod Spolo\u010dnos\u0165 WhaleSignals.ai (\u010falej len &quot;my&quot;, &quot;n\u00e1s&quot; alebo &quot;na\u0161a&quot;) re\u0161pektuje va\u0161e s\u00fakromie a zav\u00e4zuje sa chr\u00e1ni\u0165 va\u0161e osobn\u00e9 \u00fadaje. Tieto z\u00e1sady ochrany osobn\u00fdch \u00fadajov vysvet\u013euj\u00fa, ako zhroma\u017e\u010fujeme, pou\u017e\u00edvame a chr\u00e1nime va\u0161e \u00fadaje, ke\u010f pou\u017e\u00edvate na\u0161e webov\u00e9 str\u00e1nky a slu\u017eby. Pou\u017e\u00edvan\u00edm str\u00e1nky WhaleSignals.ai [&hellip;]\" \/>\n<meta property=\"og:url\" content=\"https:\/\/www.whalesignals.ai\/sk\/zasady-ochrany-osobnych-udajov\/\" \/>\n<meta property=\"og:site_name\" content=\"Whale Signals\" \/>\n<meta property=\"article:publisher\" content=\"https:\/\/www.facebook.com\/profile.php?id=61572500546632&amp;mibextid=wwXIfr&amp;rdid=7Ofz3CaJqXUNsgwy&amp;share_url=httpswww.facebook.comshare1BJnB9p5ArmibextidwwXIfr#\" \/>\n<meta property=\"article:modified_time\" content=\"2025-05-23T05:08:14+00:00\" \/>\n<meta name=\"twitter:card\" content=\"summary_large_image\" \/>\n<meta name=\"twitter:site\" content=\"@WhaleSignals_ai\" \/>\n<meta name=\"twitter:label1\" content=\"Predpokladan\u00fd \u010das \u010d\u00edtania\" \/>\n\t<meta name=\"twitter:data1\" content=\"3 min\u00faty\" \/>\n<script type=\"application\/ld+json\" class=\"yoast-schema-graph\">{\"@context\":\"https:\/\/schema.org\",\"@graph\":[{\"@type\":\"WebPage\",\"@id\":\"https:\/\/www.whalesignals.ai\/sk\/zasady-ochrany-osobnych-udajov\/\",\"url\":\"https:\/\/www.whalesignals.ai\/sk\/zasady-ochrany-osobnych-udajov\/\",\"name\":\"Z\u00e1sady ochrany osobn\u00fdch \u00fadajov - Whale Signals\",\"isPartOf\":{\"@id\":\"https:\/\/www.whalesignals.ai\/sk\/#website\"},\"datePublished\":\"2025-04-10T12:57:18+00:00\",\"dateModified\":\"2025-05-23T05:08:14+00:00\",\"breadcrumb\":{\"@id\":\"https:\/\/www.whalesignals.ai\/sk\/zasady-ochrany-osobnych-udajov\/#breadcrumb\"},\"inLanguage\":\"sk-SK\",\"potentialAction\":[{\"@type\":\"ReadAction\",\"target\":[\"https:\/\/www.whalesignals.ai\/sk\/zasady-ochrany-osobnych-udajov\/\"]}]},{\"@type\":\"BreadcrumbList\",\"@id\":\"https:\/\/www.whalesignals.ai\/sk\/zasady-ochrany-osobnych-udajov\/#breadcrumb\",\"itemListElement\":[{\"@type\":\"ListItem\",\"position\":1,\"name\":\"Home\",\"item\":\"https:\/\/www.whalesignals.ai\/sk\/\"},{\"@type\":\"ListItem\",\"position\":2,\"name\":\"Z\u00e1sady ochrany osobn\u00fdch \u00fadajov\"}]},{\"@type\":\"WebSite\",\"@id\":\"https:\/\/www.whalesignals.ai\/sk\/#website\",\"url\":\"https:\/\/www.whalesignals.ai\/sk\/\",\"name\":\"Whale Signals\",\"description\":\"Navigate the Crypto Market Like a Whale | Backtested Signals &amp; Automation\",\"publisher\":{\"@id\":\"https:\/\/www.whalesignals.ai\/sk\/#organization\"},\"potentialAction\":[{\"@type\":\"SearchAction\",\"target\":{\"@type\":\"EntryPoint\",\"urlTemplate\":\"https:\/\/www.whalesignals.ai\/sk\/?s={search_term_string}\"},\"query-input\":{\"@type\":\"PropertyValueSpecification\",\"valueRequired\":true,\"valueName\":\"search_term_string\"}}],\"inLanguage\":\"sk-SK\"},{\"@type\":\"Organization\",\"@id\":\"https:\/\/www.whalesignals.ai\/sk\/#organization\",\"name\":\"Sign\u00e1ly ve\u013er\u00fdb\",\"url\":\"https:\/\/www.whalesignals.ai\/sk\/\",\"logo\":{\"@type\":\"ImageObject\",\"inLanguage\":\"sk-SK\",\"@id\":\"https:\/\/www.whalesignals.ai\/sk\/#\/schema\/logo\/image\/\",\"url\":\"https:\/\/www.whalesignals.ai\/wp-content\/uploads\/jet-engine-forms\/1\/2025\/03\/whalesignals-logotype@2x.png\",\"contentUrl\":\"https:\/\/www.whalesignals.ai\/wp-content\/uploads\/jet-engine-forms\/1\/2025\/03\/whalesignals-logotype@2x.png\",\"width\":529,\"height\":529,\"caption\":\"Sign\u00e1ly ve\u013er\u00fdb\"},\"image\":{\"@id\":\"https:\/\/www.whalesignals.ai\/sk\/#\/schema\/logo\/image\/\"},\"sameAs\":[\"https:\/\/www.facebook.com\/profile.php?id=61572500546632&mibextid=wwXIfr&rdid=7Ofz3CaJqXUNsgwy&share_url=httpswww.facebook.comshare1BJnB9p5ArmibextidwwXIfr#\",\"https:\/\/x.com\/WhaleSignals_ai\",\"https:\/\/www.instagram.com\/whalesignals.ai\/\"]}]}<\/script>\n<!-- \/ Yoast SEO plugin. -->","yoast_head_json":{"title":"Z\u00e1sady ochrany osobn\u00fdch \u00fadajov - Whale Signals","robots":{"index":"index","follow":"follow","max-snippet":"max-snippet:-1","max-image-preview":"max-image-preview:large","max-video-preview":"max-video-preview:-1"},"canonical":"https:\/\/www.whalesignals.ai\/sk\/zasady-ochrany-osobnych-udajov\/","og_locale":"sk_SK","og_type":"article","og_title":"Z\u00e1sady ochrany osobn\u00fdch \u00fadajov - Whale Signals","og_description":"Z\u00e1sady ochrany osobn\u00fdch \u00fadajov D\u00e1tum \u00fa\u010dinnosti: 01.01.2025N\u00e1zov slu\u017eby: WhaleSignals.ai Webov\u00e1 str\u00e1nka: www.whalesignals.ai 1. \u00davod Spolo\u010dnos\u0165 WhaleSignals.ai (\u010falej len \"my\", \"n\u00e1s\" alebo \"na\u0161a\") re\u0161pektuje va\u0161e s\u00fakromie a zav\u00e4zuje sa chr\u00e1ni\u0165 va\u0161e osobn\u00e9 \u00fadaje. Tieto z\u00e1sady ochrany osobn\u00fdch \u00fadajov vysvet\u013euj\u00fa, ako zhroma\u017e\u010fujeme, pou\u017e\u00edvame a chr\u00e1nime va\u0161e \u00fadaje, ke\u010f pou\u017e\u00edvate na\u0161e webov\u00e9 str\u00e1nky a slu\u017eby. Pou\u017e\u00edvan\u00edm str\u00e1nky WhaleSignals.ai [&hellip;]","og_url":"https:\/\/www.whalesignals.ai\/sk\/zasady-ochrany-osobnych-udajov\/","og_site_name":"Whale Signals","article_publisher":"https:\/\/www.facebook.com\/profile.php?id=61572500546632&mibextid=wwXIfr&rdid=7Ofz3CaJqXUNsgwy&share_url=httpswww.facebook.comshare1BJnB9p5ArmibextidwwXIfr#","article_modified_time":"2025-05-23T05:08:14+00:00","twitter_card":"summary_large_image","twitter_site":"@WhaleSignals_ai","twitter_misc":{"Predpokladan\u00fd \u010das \u010d\u00edtania":"3 min\u00faty"},"schema":{"@context":"https:\/\/schema.org","@graph":[{"@type":"WebPage","@id":"https:\/\/www.whalesignals.ai\/sk\/zasady-ochrany-osobnych-udajov\/","url":"https:\/\/www.whalesignals.ai\/sk\/zasady-ochrany-osobnych-udajov\/","name":"Z\u00e1sady ochrany osobn\u00fdch \u00fadajov - Whale Signals","isPartOf":{"@id":"https:\/\/www.whalesignals.ai\/sk\/#website"},"datePublished":"2025-04-10T12:57:18+00:00","dateModified":"2025-05-23T05:08:14+00:00","breadcrumb":{"@id":"https:\/\/www.whalesignals.ai\/sk\/zasady-ochrany-osobnych-udajov\/#breadcrumb"},"inLanguage":"sk-SK","potentialAction":[{"@type":"ReadAction","target":["https:\/\/www.whalesignals.ai\/sk\/zasady-ochrany-osobnych-udajov\/"]}]},{"@type":"BreadcrumbList","@id":"https:\/\/www.whalesignals.ai\/sk\/zasady-ochrany-osobnych-udajov\/#breadcrumb","itemListElement":[{"@type":"ListItem","position":1,"name":"Home","item":"https:\/\/www.whalesignals.ai\/sk\/"},{"@type":"ListItem","position":2,"name":"Z\u00e1sady ochrany osobn\u00fdch \u00fadajov"}]},{"@type":"WebSite","@id":"https:\/\/www.whalesignals.ai\/sk\/#website","url":"https:\/\/www.whalesignals.ai\/sk\/","name":"Whale Signals","description":"Navigate the Crypto Market Like a Whale | Backtested Signals &amp; Automation","publisher":{"@id":"https:\/\/www.whalesignals.ai\/sk\/#organization"},"potentialAction":[{"@type":"SearchAction","target":{"@type":"EntryPoint","urlTemplate":"https:\/\/www.whalesignals.ai\/sk\/?s={search_term_string}"},"query-input":{"@type":"PropertyValueSpecification","valueRequired":true,"valueName":"search_term_string"}}],"inLanguage":"sk-SK"},{"@type":"Organization","@id":"https:\/\/www.whalesignals.ai\/sk\/#organization","name":"Sign\u00e1ly ve\u013er\u00fdb","url":"https:\/\/www.whalesignals.ai\/sk\/","logo":{"@type":"ImageObject","inLanguage":"sk-SK","@id":"https:\/\/www.whalesignals.ai\/sk\/#\/schema\/logo\/image\/","url":"https:\/\/www.whalesignals.ai\/wp-content\/uploads\/jet-engine-forms\/1\/2025\/03\/whalesignals-logotype@2x.png","contentUrl":"https:\/\/www.whalesignals.ai\/wp-content\/uploads\/jet-engine-forms\/1\/2025\/03\/whalesignals-logotype@2x.png","width":529,"height":529,"caption":"Sign\u00e1ly ve\u013er\u00fdb"},"image":{"@id":"https:\/\/www.whalesignals.ai\/sk\/#\/schema\/logo\/image\/"},"sameAs":["https:\/\/www.facebook.com\/profile.php?id=61572500546632&mibextid=wwXIfr&rdid=7Ofz3CaJqXUNsgwy&share_url=httpswww.facebook.comshare1BJnB9p5ArmibextidwwXIfr#","https:\/\/x.com\/WhaleSignals_ai","https:\/\/www.instagram.com\/whalesignals.ai\/"]}]}},"_links":{"self":[{"href":"https:\/\/www.whalesignals.ai\/sk\/wp-json\/wp\/v2\/pages\/3177","targetHints":{"allow":["GET"]}}],"collection":[{"href":"https:\/\/www.whalesignals.ai\/sk\/wp-json\/wp\/v2\/pages"}],"about":[{"href":"https:\/\/www.whalesignals.ai\/sk\/wp-json\/wp\/v2\/types\/page"}],"author":[{"embeddable":true,"href":"https:\/\/www.whalesignals.ai\/sk\/wp-json\/wp\/v2\/users\/1"}],"replies":[{"embeddable":true,"href":"https:\/\/www.whalesignals.ai\/sk\/wp-json\/wp\/v2\/comments?post=3177"}],"version-history":[{"count":2,"href":"https:\/\/www.whalesignals.ai\/sk\/wp-json\/wp\/v2\/pages\/3177\/revisions"}],"predecessor-version":[{"id":4496,"href":"https:\/\/www.whalesignals.ai\/sk\/wp-json\/wp\/v2\/pages\/3177\/revisions\/4496"}],"wp:attachment":[{"href":"https:\/\/www.whalesignals.ai\/sk\/wp-json\/wp\/v2\/media?parent=3177"}],"curies":[{"name":"wp","href":"https:\/\/api.w.org\/{rel}","templated":true}]}}