{"id":3229,"date":"2025-04-09T11:08:01","date_gmt":"2025-04-09T09:08:01","guid":{"rendered":"https:\/\/www.whalesignals.ai\/profil-pouzivatela-wp-2fa\/"},"modified":"2025-09-09T21:32:42","modified_gmt":"2025-09-09T19:32:42","slug":"profil-pouzivatela-wp-2fa","status":"publish","type":"page","link":"https:\/\/www.whalesignals.ai\/sk\/profil-pouzivatela-wp-2fa\/","title":{"rendered":"Profil pou\u017e\u00edvate\u013ea WP 2FA"},"content":{"rendered":"\t\t<div data-elementor-type=\"wp-page\" data-elementor-id=\"3229\" class=\"elementor elementor-3229 elementor-2900\" data-elementor-post-type=\"page\">\n\t\t\t\t<div class=\"elementor-element elementor-element-b657f3b e-con-full e-flex e-con e-parent\" data-id=\"b657f3b\" data-element_type=\"container\" data-e-type=\"container\">\n\t\t<div class=\"elementor-element elementor-element-be64bb2 e-con-full e-flex e-con e-child\" data-id=\"be64bb2\" data-element_type=\"container\" data-e-type=\"container\">\n\t\t\t\t<div class=\"elementor-element elementor-element-8465dcc elementor-widget__width-inherit elementor-widget elementor-widget-text-editor\" data-id=\"8465dcc\" data-element_type=\"widget\" data-e-type=\"widget\" data-widget_type=\"text-editor.default\">\n\t\t\t\t<div class=\"elementor-widget-container\">\n\t\t\t\t\t\t\t\t\t<p><p id=\"wp_2fa_login_to_view_text\">You must be logged in to view this page. <a href=\"https:\/\/www.whalesignals.ai\/sk\/wp-login.php?redirect_to=https%3A%2F%2Fwww.whalesignals.ai%2Fsk%2F\">Login here.<\/a><\/p><\/p>\t\t\t\t\t\t\t\t<\/div>\n\t\t\t\t<\/div>\n\t\t\t\t<div class=\"elementor-element elementor-element-c99d598 elementor-widget elementor-widget-html\" data-id=\"c99d598\" data-element_type=\"widget\" data-e-type=\"widget\" data-widget_type=\"html.default\">\n\t\t\t\t<div class=\"elementor-widget-container\">\n\t\t\t\t\t\r\n\r\n<script>jQuery(document).ready(function($) {\r\n  $(\"#custom-2fa-wrapper #2fa-currently-configured-methods tbody tr\").each(function() {\r\n    var td = $(this).find(\"td\");\r\n    var text = $.trim(td.text());\r\n    td.find(\".status-icon\").remove();\r\n    var icon = $(\"<span class='status-icon'><\/span>\");\r\n    var lowerText = text.toLowerCase();\r\n\r\n    \/\/ If the text mentions \"no enabled primary\" or \"no enabled backup\" or is empty => red \u2716\r\n    if (\r\n      lowerText.includes(\"no enabled primary\") ||\r\n      lowerText.includes(\"no enabled backup\") ||\r\n      text === \"\"\r\n    ) {\r\n      icon.text(\"\u2716\").removeClass(\"green\").addClass(\"red\");\r\n    } else {\r\n      icon.text(\"\u2714\").removeClass(\"red\").addClass(\"green\");\r\n    }\r\n    td.prepend(icon);\r\n  });\r\n\r\n  $(\"#custom-2fa-wrapper\").animate({ opacity: 1 }, 300);\r\n});\r\n<\/script>\t\t\t\t<\/div>\n\t\t\t\t<\/div>\n\t\t\t\t<\/div>\n\t\t\t\t<\/div>\n\t\t\t\t<\/div>\n\t\t","protected":false},"excerpt":{"rendered":"","protected":false},"author":1,"featured_media":0,"parent":0,"menu_order":0,"comment_status":"closed","ping_status":"closed","template":"","meta":{"footnotes":""},"class_list":["post-3229","page","type-page","status-publish","hentry"],"yoast_head":"<!-- This site is optimized with the Yoast SEO plugin v25.6 - https:\/\/yoast.com\/wordpress\/plugins\/seo\/ -->\n<title>Profil pou\u017e\u00edvate\u013ea WP 2FA - Whale Signals<\/title>\n<meta name=\"robots\" content=\"index, follow, max-snippet:-1, max-image-preview:large, max-video-preview:-1\" \/>\n<link rel=\"canonical\" href=\"https:\/\/www.whalesignals.ai\/sk\/profil-pouzivatela-wp-2fa\/\" \/>\n<meta property=\"og:locale\" content=\"sk_SK\" \/>\n<meta property=\"og:type\" content=\"article\" \/>\n<meta property=\"og:title\" content=\"Profil pou\u017e\u00edvate\u013ea WP 2FA - Whale Signals\" \/>\n<meta property=\"og:url\" content=\"https:\/\/www.whalesignals.ai\/sk\/profil-pouzivatela-wp-2fa\/\" \/>\n<meta property=\"og:site_name\" content=\"Whale Signals\" \/>\n<meta property=\"article:publisher\" content=\"https:\/\/www.facebook.com\/profile.php?id=61572500546632&amp;mibextid=wwXIfr&amp;rdid=7Ofz3CaJqXUNsgwy&amp;share_url=httpswww.facebook.comshare1BJnB9p5ArmibextidwwXIfr#\" \/>\n<meta property=\"article:modified_time\" content=\"2025-09-09T19:32:42+00:00\" \/>\n<meta name=\"twitter:card\" content=\"summary_large_image\" \/>\n<meta name=\"twitter:site\" content=\"@WhaleSignals_ai\" \/>\n<script type=\"application\/ld+json\" class=\"yoast-schema-graph\">{\"@context\":\"https:\/\/schema.org\",\"@graph\":[{\"@type\":\"WebPage\",\"@id\":\"https:\/\/www.whalesignals.ai\/sk\/profil-pouzivatela-wp-2fa\/\",\"url\":\"https:\/\/www.whalesignals.ai\/sk\/profil-pouzivatela-wp-2fa\/\",\"name\":\"Profil pou\u017e\u00edvate\u013ea WP 2FA - Whale Signals\",\"isPartOf\":{\"@id\":\"https:\/\/www.whalesignals.ai\/sk\/#website\"},\"datePublished\":\"2025-04-09T09:08:01+00:00\",\"dateModified\":\"2025-09-09T19:32:42+00:00\",\"breadcrumb\":{\"@id\":\"https:\/\/www.whalesignals.ai\/sk\/profil-pouzivatela-wp-2fa\/#breadcrumb\"},\"inLanguage\":\"sk-SK\",\"potentialAction\":[{\"@type\":\"ReadAction\",\"target\":[\"https:\/\/www.whalesignals.ai\/sk\/profil-pouzivatela-wp-2fa\/\"]}]},{\"@type\":\"BreadcrumbList\",\"@id\":\"https:\/\/www.whalesignals.ai\/sk\/profil-pouzivatela-wp-2fa\/#breadcrumb\",\"itemListElement\":[{\"@type\":\"ListItem\",\"position\":1,\"name\":\"Home\",\"item\":\"https:\/\/www.whalesignals.ai\/sk\/\"},{\"@type\":\"ListItem\",\"position\":2,\"name\":\"Profil pou\u017e\u00edvate\u013ea WP 2FA\"}]},{\"@type\":\"WebSite\",\"@id\":\"https:\/\/www.whalesignals.ai\/sk\/#website\",\"url\":\"https:\/\/www.whalesignals.ai\/sk\/\",\"name\":\"Whale Signals\",\"description\":\"Navigate the Crypto Market Like a Whale | Backtested Signals &amp; Automation\",\"publisher\":{\"@id\":\"https:\/\/www.whalesignals.ai\/sk\/#organization\"},\"potentialAction\":[{\"@type\":\"SearchAction\",\"target\":{\"@type\":\"EntryPoint\",\"urlTemplate\":\"https:\/\/www.whalesignals.ai\/sk\/?s={search_term_string}\"},\"query-input\":{\"@type\":\"PropertyValueSpecification\",\"valueRequired\":true,\"valueName\":\"search_term_string\"}}],\"inLanguage\":\"sk-SK\"},{\"@type\":\"Organization\",\"@id\":\"https:\/\/www.whalesignals.ai\/sk\/#organization\",\"name\":\"Sign\u00e1ly ve\u013er\u00fdb\",\"url\":\"https:\/\/www.whalesignals.ai\/sk\/\",\"logo\":{\"@type\":\"ImageObject\",\"inLanguage\":\"sk-SK\",\"@id\":\"https:\/\/www.whalesignals.ai\/sk\/#\/schema\/logo\/image\/\",\"url\":\"https:\/\/www.whalesignals.ai\/wp-content\/uploads\/jet-engine-forms\/1\/2025\/03\/whalesignals-logotype@2x.png\",\"contentUrl\":\"https:\/\/www.whalesignals.ai\/wp-content\/uploads\/jet-engine-forms\/1\/2025\/03\/whalesignals-logotype@2x.png\",\"width\":529,\"height\":529,\"caption\":\"Sign\u00e1ly ve\u013er\u00fdb\"},\"image\":{\"@id\":\"https:\/\/www.whalesignals.ai\/sk\/#\/schema\/logo\/image\/\"},\"sameAs\":[\"https:\/\/www.facebook.com\/profile.php?id=61572500546632&mibextid=wwXIfr&rdid=7Ofz3CaJqXUNsgwy&share_url=httpswww.facebook.comshare1BJnB9p5ArmibextidwwXIfr#\",\"https:\/\/x.com\/WhaleSignals_ai\",\"https:\/\/www.instagram.com\/whalesignals.ai\/\"]}]}<\/script>\n<!-- \/ Yoast SEO plugin. -->","yoast_head_json":{"title":"Profil pou\u017e\u00edvate\u013ea WP 2FA - Whale Signals","robots":{"index":"index","follow":"follow","max-snippet":"max-snippet:-1","max-image-preview":"max-image-preview:large","max-video-preview":"max-video-preview:-1"},"canonical":"https:\/\/www.whalesignals.ai\/sk\/profil-pouzivatela-wp-2fa\/","og_locale":"sk_SK","og_type":"article","og_title":"Profil pou\u017e\u00edvate\u013ea WP 2FA - Whale Signals","og_url":"https:\/\/www.whalesignals.ai\/sk\/profil-pouzivatela-wp-2fa\/","og_site_name":"Whale Signals","article_publisher":"https:\/\/www.facebook.com\/profile.php?id=61572500546632&mibextid=wwXIfr&rdid=7Ofz3CaJqXUNsgwy&share_url=httpswww.facebook.comshare1BJnB9p5ArmibextidwwXIfr#","article_modified_time":"2025-09-09T19:32:42+00:00","twitter_card":"summary_large_image","twitter_site":"@WhaleSignals_ai","schema":{"@context":"https:\/\/schema.org","@graph":[{"@type":"WebPage","@id":"https:\/\/www.whalesignals.ai\/sk\/profil-pouzivatela-wp-2fa\/","url":"https:\/\/www.whalesignals.ai\/sk\/profil-pouzivatela-wp-2fa\/","name":"Profil pou\u017e\u00edvate\u013ea WP 2FA - Whale Signals","isPartOf":{"@id":"https:\/\/www.whalesignals.ai\/sk\/#website"},"datePublished":"2025-04-09T09:08:01+00:00","dateModified":"2025-09-09T19:32:42+00:00","breadcrumb":{"@id":"https:\/\/www.whalesignals.ai\/sk\/profil-pouzivatela-wp-2fa\/#breadcrumb"},"inLanguage":"sk-SK","potentialAction":[{"@type":"ReadAction","target":["https:\/\/www.whalesignals.ai\/sk\/profil-pouzivatela-wp-2fa\/"]}]},{"@type":"BreadcrumbList","@id":"https:\/\/www.whalesignals.ai\/sk\/profil-pouzivatela-wp-2fa\/#breadcrumb","itemListElement":[{"@type":"ListItem","position":1,"name":"Home","item":"https:\/\/www.whalesignals.ai\/sk\/"},{"@type":"ListItem","position":2,"name":"Profil pou\u017e\u00edvate\u013ea WP 2FA"}]},{"@type":"WebSite","@id":"https:\/\/www.whalesignals.ai\/sk\/#website","url":"https:\/\/www.whalesignals.ai\/sk\/","name":"Whale Signals","description":"Navigate the Crypto Market Like a Whale | Backtested Signals &amp; Automation","publisher":{"@id":"https:\/\/www.whalesignals.ai\/sk\/#organization"},"potentialAction":[{"@type":"SearchAction","target":{"@type":"EntryPoint","urlTemplate":"https:\/\/www.whalesignals.ai\/sk\/?s={search_term_string}"},"query-input":{"@type":"PropertyValueSpecification","valueRequired":true,"valueName":"search_term_string"}}],"inLanguage":"sk-SK"},{"@type":"Organization","@id":"https:\/\/www.whalesignals.ai\/sk\/#organization","name":"Sign\u00e1ly ve\u013er\u00fdb","url":"https:\/\/www.whalesignals.ai\/sk\/","logo":{"@type":"ImageObject","inLanguage":"sk-SK","@id":"https:\/\/www.whalesignals.ai\/sk\/#\/schema\/logo\/image\/","url":"https:\/\/www.whalesignals.ai\/wp-content\/uploads\/jet-engine-forms\/1\/2025\/03\/whalesignals-logotype@2x.png","contentUrl":"https:\/\/www.whalesignals.ai\/wp-content\/uploads\/jet-engine-forms\/1\/2025\/03\/whalesignals-logotype@2x.png","width":529,"height":529,"caption":"Sign\u00e1ly ve\u013er\u00fdb"},"image":{"@id":"https:\/\/www.whalesignals.ai\/sk\/#\/schema\/logo\/image\/"},"sameAs":["https:\/\/www.facebook.com\/profile.php?id=61572500546632&mibextid=wwXIfr&rdid=7Ofz3CaJqXUNsgwy&share_url=httpswww.facebook.comshare1BJnB9p5ArmibextidwwXIfr#","https:\/\/x.com\/WhaleSignals_ai","https:\/\/www.instagram.com\/whalesignals.ai\/"]}]}},"_links":{"self":[{"href":"https:\/\/www.whalesignals.ai\/sk\/wp-json\/wp\/v2\/pages\/3229","targetHints":{"allow":["GET"]}}],"collection":[{"href":"https:\/\/www.whalesignals.ai\/sk\/wp-json\/wp\/v2\/pages"}],"about":[{"href":"https:\/\/www.whalesignals.ai\/sk\/wp-json\/wp\/v2\/types\/page"}],"author":[{"embeddable":true,"href":"https:\/\/www.whalesignals.ai\/sk\/wp-json\/wp\/v2\/users\/1"}],"replies":[{"embeddable":true,"href":"https:\/\/www.whalesignals.ai\/sk\/wp-json\/wp\/v2\/comments?post=3229"}],"version-history":[{"count":19,"href":"https:\/\/www.whalesignals.ai\/sk\/wp-json\/wp\/v2\/pages\/3229\/revisions"}],"predecessor-version":[{"id":7898,"href":"https:\/\/www.whalesignals.ai\/sk\/wp-json\/wp\/v2\/pages\/3229\/revisions\/7898"}],"wp:attachment":[{"href":"https:\/\/www.whalesignals.ai\/sk\/wp-json\/wp\/v2\/media?parent=3229"}],"curies":[{"name":"wp","href":"https:\/\/api.w.org\/{rel}","templated":true}]}}