{"id":5779,"date":"2025-01-06T12:58:33","date_gmt":"2025-01-06T11:58:33","guid":{"rendered":"https:\/\/www.whalesignals.ai\/cok-yakinda\/"},"modified":"2025-07-28T13:55:25","modified_gmt":"2025-07-28T11:55:25","slug":"cok-yakinda","status":"publish","type":"page","link":"https:\/\/www.whalesignals.ai\/tr\/cok-yakinda\/","title":{"rendered":"\u00c7ok yak\u0131nda"},"content":{"rendered":"\t\t<div data-elementor-type=\"wp-post\" data-elementor-id=\"5779\" class=\"elementor elementor-5779 elementor-12\" data-elementor-post-type=\"page\">\n\t\t\t\t<div class=\"elementor-element elementor-element-f163e52 e-flex e-con-boxed e-con e-parent\" data-id=\"f163e52\" data-element_type=\"container\" data-e-type=\"container\" data-settings=\"{&quot;background_background&quot;:&quot;classic&quot;}\">\n\t\t\t\t\t<div class=\"e-con-inner\">\n\t\t\t\t<div class=\"elementor-element elementor-element-46cb50f elementor-widget elementor-widget-heading\" data-id=\"46cb50f\" data-element_type=\"widget\" data-e-type=\"widget\" data-widget_type=\"heading.default\">\n\t\t\t\t<div class=\"elementor-widget-container\">\n\t\t\t\t\t<h1 class=\"elementor-heading-title elementor-size-default\">\u00c7ok yak\u0131nda<\/h1>\t\t\t\t<\/div>\n\t\t\t\t<\/div>\n\t\t\t\t<div class=\"elementor-element elementor-element-f703697 elementor-countdown--label-block elementor-widget elementor-widget-countdown\" data-id=\"f703697\" data-element_type=\"widget\" data-e-type=\"widget\" data-widget_type=\"countdown.default\">\n\t\t\t\t<div class=\"elementor-widget-container\">\n\t\t\t\t\t\t\t<div class=\"elementor-countdown-wrapper\" data-date=\"1745427600\">\n\t\t\t<div class=\"elementor-countdown-item\"><span class=\"elementor-countdown-digits elementor-countdown-days\"><\/span> <span class=\"elementor-countdown-label\">G\u00fcnler<\/span><\/div><div class=\"elementor-countdown-item\"><span class=\"elementor-countdown-digits elementor-countdown-hours\"><\/span> <span class=\"elementor-countdown-label\">Saatler<\/span><\/div><div class=\"elementor-countdown-item\"><span class=\"elementor-countdown-digits elementor-countdown-minutes\"><\/span> <span class=\"elementor-countdown-label\">Dakika<\/span><\/div><div class=\"elementor-countdown-item\"><span class=\"elementor-countdown-digits elementor-countdown-seconds\"><\/span> <span class=\"elementor-countdown-label\">Saniyeler<\/span><\/div>\t\t<\/div>\n\t\t\t\t\t\t<\/div>\n\t\t\t\t<\/div>\n\t\t\t\t\t<\/div>\n\t\t\t\t<\/div>\n\t\t\t\t<\/div>\n\t\t","protected":false},"excerpt":{"rendered":"<p>\u00c7ok yak\u0131nda G\u00fcnler Saatler Dakika Saniyeler<\/p>\n","protected":false},"author":1,"featured_media":0,"parent":0,"menu_order":0,"comment_status":"closed","ping_status":"closed","template":"elementor_canvas","meta":{"footnotes":""},"class_list":["post-5779","page","type-page","status-publish","hentry"],"yoast_head":"<!-- This site is optimized with the Yoast SEO plugin v25.6 - https:\/\/yoast.com\/wordpress\/plugins\/seo\/ -->\n<title>\u00c7ok yak\u0131nda - Whale Signals<\/title>\n<meta name=\"robots\" content=\"index, follow, max-snippet:-1, max-image-preview:large, max-video-preview:-1\" \/>\n<link rel=\"canonical\" href=\"https:\/\/www.whalesignals.ai\/tr\/cok-yakinda\/\" \/>\n<meta property=\"og:locale\" content=\"tr_TR\" \/>\n<meta property=\"og:type\" content=\"article\" \/>\n<meta property=\"og:title\" content=\"\u00c7ok yak\u0131nda - Whale Signals\" \/>\n<meta property=\"og:description\" content=\"\u00c7ok yak\u0131nda G\u00fcnler Saatler Dakika Saniyeler\" \/>\n<meta property=\"og:url\" content=\"https:\/\/www.whalesignals.ai\/tr\/cok-yakinda\/\" \/>\n<meta property=\"og:site_name\" content=\"Whale Signals\" \/>\n<meta property=\"article:publisher\" content=\"https:\/\/www.facebook.com\/profile.php?id=61572500546632&amp;mibextid=wwXIfr&amp;rdid=7Ofz3CaJqXUNsgwy&amp;share_url=httpswww.facebook.comshare1BJnB9p5ArmibextidwwXIfr#\" \/>\n<meta property=\"article:modified_time\" content=\"2025-07-28T11:55:25+00:00\" \/>\n<meta name=\"twitter:card\" content=\"summary_large_image\" \/>\n<meta name=\"twitter:site\" content=\"@WhaleSignals_ai\" \/>\n<script type=\"application\/ld+json\" class=\"yoast-schema-graph\">{\"@context\":\"https:\/\/schema.org\",\"@graph\":[{\"@type\":\"WebPage\",\"@id\":\"https:\/\/www.whalesignals.ai\/tr\/cok-yakinda\/\",\"url\":\"https:\/\/www.whalesignals.ai\/tr\/cok-yakinda\/\",\"name\":\"\u00c7ok yak\u0131nda - Whale Signals\",\"isPartOf\":{\"@id\":\"https:\/\/www.whalesignals.ai\/tr\/#website\"},\"datePublished\":\"2025-01-06T11:58:33+00:00\",\"dateModified\":\"2025-07-28T11:55:25+00:00\",\"breadcrumb\":{\"@id\":\"https:\/\/www.whalesignals.ai\/tr\/cok-yakinda\/#breadcrumb\"},\"inLanguage\":\"tr\",\"potentialAction\":[{\"@type\":\"ReadAction\",\"target\":[\"https:\/\/www.whalesignals.ai\/tr\/cok-yakinda\/\"]}]},{\"@type\":\"BreadcrumbList\",\"@id\":\"https:\/\/www.whalesignals.ai\/tr\/cok-yakinda\/#breadcrumb\",\"itemListElement\":[{\"@type\":\"ListItem\",\"position\":1,\"name\":\"Home\",\"item\":\"https:\/\/www.whalesignals.ai\/tr\/\"},{\"@type\":\"ListItem\",\"position\":2,\"name\":\"\u00c7ok yak\u0131nda\"}]},{\"@type\":\"WebSite\",\"@id\":\"https:\/\/www.whalesignals.ai\/tr\/#website\",\"url\":\"https:\/\/www.whalesignals.ai\/tr\/\",\"name\":\"Whale Signals\",\"description\":\"Navigate the Crypto Market Like a Whale | Backtested Signals &amp; Automation\",\"publisher\":{\"@id\":\"https:\/\/www.whalesignals.ai\/tr\/#organization\"},\"potentialAction\":[{\"@type\":\"SearchAction\",\"target\":{\"@type\":\"EntryPoint\",\"urlTemplate\":\"https:\/\/www.whalesignals.ai\/tr\/?s={search_term_string}\"},\"query-input\":{\"@type\":\"PropertyValueSpecification\",\"valueRequired\":true,\"valueName\":\"search_term_string\"}}],\"inLanguage\":\"tr\"},{\"@type\":\"Organization\",\"@id\":\"https:\/\/www.whalesignals.ai\/tr\/#organization\",\"name\":\"Balina Sinyalleri\",\"url\":\"https:\/\/www.whalesignals.ai\/tr\/\",\"logo\":{\"@type\":\"ImageObject\",\"inLanguage\":\"tr\",\"@id\":\"https:\/\/www.whalesignals.ai\/tr\/#\/schema\/logo\/image\/\",\"url\":\"https:\/\/www.whalesignals.ai\/wp-content\/uploads\/jet-engine-forms\/1\/2025\/03\/whalesignals-logotype@2x.png\",\"contentUrl\":\"https:\/\/www.whalesignals.ai\/wp-content\/uploads\/jet-engine-forms\/1\/2025\/03\/whalesignals-logotype@2x.png\",\"width\":529,\"height\":529,\"caption\":\"Balina Sinyalleri\"},\"image\":{\"@id\":\"https:\/\/www.whalesignals.ai\/tr\/#\/schema\/logo\/image\/\"},\"sameAs\":[\"https:\/\/www.facebook.com\/profile.php?id=61572500546632&mibextid=wwXIfr&rdid=7Ofz3CaJqXUNsgwy&share_url=httpswww.facebook.comshare1BJnB9p5ArmibextidwwXIfr#\",\"https:\/\/x.com\/WhaleSignals_ai\",\"https:\/\/www.instagram.com\/whalesignals.ai\/\"]}]}<\/script>\n<!-- \/ Yoast SEO plugin. -->","yoast_head_json":{"title":"\u00c7ok yak\u0131nda - Whale Signals","robots":{"index":"index","follow":"follow","max-snippet":"max-snippet:-1","max-image-preview":"max-image-preview:large","max-video-preview":"max-video-preview:-1"},"canonical":"https:\/\/www.whalesignals.ai\/tr\/cok-yakinda\/","og_locale":"tr_TR","og_type":"article","og_title":"\u00c7ok yak\u0131nda - Whale Signals","og_description":"\u00c7ok yak\u0131nda G\u00fcnler Saatler Dakika Saniyeler","og_url":"https:\/\/www.whalesignals.ai\/tr\/cok-yakinda\/","og_site_name":"Whale Signals","article_publisher":"https:\/\/www.facebook.com\/profile.php?id=61572500546632&mibextid=wwXIfr&rdid=7Ofz3CaJqXUNsgwy&share_url=httpswww.facebook.comshare1BJnB9p5ArmibextidwwXIfr#","article_modified_time":"2025-07-28T11:55:25+00:00","twitter_card":"summary_large_image","twitter_site":"@WhaleSignals_ai","schema":{"@context":"https:\/\/schema.org","@graph":[{"@type":"WebPage","@id":"https:\/\/www.whalesignals.ai\/tr\/cok-yakinda\/","url":"https:\/\/www.whalesignals.ai\/tr\/cok-yakinda\/","name":"\u00c7ok yak\u0131nda - Whale Signals","isPartOf":{"@id":"https:\/\/www.whalesignals.ai\/tr\/#website"},"datePublished":"2025-01-06T11:58:33+00:00","dateModified":"2025-07-28T11:55:25+00:00","breadcrumb":{"@id":"https:\/\/www.whalesignals.ai\/tr\/cok-yakinda\/#breadcrumb"},"inLanguage":"tr","potentialAction":[{"@type":"ReadAction","target":["https:\/\/www.whalesignals.ai\/tr\/cok-yakinda\/"]}]},{"@type":"BreadcrumbList","@id":"https:\/\/www.whalesignals.ai\/tr\/cok-yakinda\/#breadcrumb","itemListElement":[{"@type":"ListItem","position":1,"name":"Home","item":"https:\/\/www.whalesignals.ai\/tr\/"},{"@type":"ListItem","position":2,"name":"\u00c7ok yak\u0131nda"}]},{"@type":"WebSite","@id":"https:\/\/www.whalesignals.ai\/tr\/#website","url":"https:\/\/www.whalesignals.ai\/tr\/","name":"Whale Signals","description":"Navigate the Crypto Market Like a Whale | Backtested Signals &amp; Automation","publisher":{"@id":"https:\/\/www.whalesignals.ai\/tr\/#organization"},"potentialAction":[{"@type":"SearchAction","target":{"@type":"EntryPoint","urlTemplate":"https:\/\/www.whalesignals.ai\/tr\/?s={search_term_string}"},"query-input":{"@type":"PropertyValueSpecification","valueRequired":true,"valueName":"search_term_string"}}],"inLanguage":"tr"},{"@type":"Organization","@id":"https:\/\/www.whalesignals.ai\/tr\/#organization","name":"Balina Sinyalleri","url":"https:\/\/www.whalesignals.ai\/tr\/","logo":{"@type":"ImageObject","inLanguage":"tr","@id":"https:\/\/www.whalesignals.ai\/tr\/#\/schema\/logo\/image\/","url":"https:\/\/www.whalesignals.ai\/wp-content\/uploads\/jet-engine-forms\/1\/2025\/03\/whalesignals-logotype@2x.png","contentUrl":"https:\/\/www.whalesignals.ai\/wp-content\/uploads\/jet-engine-forms\/1\/2025\/03\/whalesignals-logotype@2x.png","width":529,"height":529,"caption":"Balina Sinyalleri"},"image":{"@id":"https:\/\/www.whalesignals.ai\/tr\/#\/schema\/logo\/image\/"},"sameAs":["https:\/\/www.facebook.com\/profile.php?id=61572500546632&mibextid=wwXIfr&rdid=7Ofz3CaJqXUNsgwy&share_url=httpswww.facebook.comshare1BJnB9p5ArmibextidwwXIfr#","https:\/\/x.com\/WhaleSignals_ai","https:\/\/www.instagram.com\/whalesignals.ai\/"]}]}},"_links":{"self":[{"href":"https:\/\/www.whalesignals.ai\/tr\/wp-json\/wp\/v2\/pages\/5779","targetHints":{"allow":["GET"]}}],"collection":[{"href":"https:\/\/www.whalesignals.ai\/tr\/wp-json\/wp\/v2\/pages"}],"about":[{"href":"https:\/\/www.whalesignals.ai\/tr\/wp-json\/wp\/v2\/types\/page"}],"author":[{"embeddable":true,"href":"https:\/\/www.whalesignals.ai\/tr\/wp-json\/wp\/v2\/users\/1"}],"replies":[{"embeddable":true,"href":"https:\/\/www.whalesignals.ai\/tr\/wp-json\/wp\/v2\/comments?post=5779"}],"version-history":[{"count":2,"href":"https:\/\/www.whalesignals.ai\/tr\/wp-json\/wp\/v2\/pages\/5779\/revisions"}],"predecessor-version":[{"id":5783,"href":"https:\/\/www.whalesignals.ai\/tr\/wp-json\/wp\/v2\/pages\/5779\/revisions\/5783"}],"wp:attachment":[{"href":"https:\/\/www.whalesignals.ai\/tr\/wp-json\/wp\/v2\/media?parent=5779"}],"curies":[{"name":"wp","href":"https:\/\/api.w.org\/{rel}","templated":true}]}}